{"id":4199,"date":"2020-11-09T11:15:33","date_gmt":"2020-11-09T10:15:33","guid":{"rendered":"http:\/\/web.am.qub.ac.uk\/wp\/qo\/?page_id=4199"},"modified":"2020-11-09T11:15:33","modified_gmt":"2020-11-09T10:15:33","slug":"2019-2","status":"publish","type":"page","link":"https:\/\/blogs.qub.ac.uk\/qteq\/publications\/2019-2\/","title":{"rendered":"2019"},"content":{"rendered":"\n<p><strong>25.&nbsp;Spin chains for two-qubit teleportation,<\/strong><\/p>\n\n\n\n<p>T. J. G. Apollaro, G. M. A. Almeida, S. Lorenzo, A. Ferraro, and S. Paganelli<\/p>\n\n\n\n<p><em>Phys. Rev. A&nbsp;<strong>100<\/strong>, 052308 (2019)<\/em><\/p>\n\n\n\n<p>doi:&nbsp;<strong><a href=\"https:\/\/doi.org\/10.1103\/PhysRevA.100.052308\">10.1103\/PhysRevA.100.052308<\/a><\/strong><\/p>\n\n\n\n<hr class=\"wp-block-separator\" \/>\n\n\n\n<p><strong>24. Testing the gravitational field generated by a quantum superposition<\/strong><\/p>\n\n\n\n<p>M. Carlesso, A. Bassi, M. Paternostro, and H. Ulbricht<\/p>\n\n\n\n<p><em>New J. Phys. <strong>21<\/strong>, 093052 (2019)<\/em><\/p>\n\n\n\n<p>doi:&nbsp;<strong><a href=\"https:\/\/doi.org\/10.1088\/1367-2630\/ab41c1\">10.1088\/1367-2630\/ab41c1<\/a><\/strong><\/p>\n\n\n\n<hr class=\"wp-block-separator\" \/>\n\n\n\n<p><strong>23.&nbsp;Out of equilibrium thermodynamics of quantum harmonic chains,<\/strong><\/p>\n\n\n\n<p>M. Paternostro, G. De Chiara, A. Ferraro, M. Campisi, J. Goold, F. L. Semi\u00e3o, F. Plastina, and V. Vedral<\/p>\n\n\n\n<p><em>J. Stat. Mech. <strong>10<\/strong>, 104014 (2019)<\/em><\/p>\n\n\n\n<p>doi:&nbsp;<strong><a href=\"https:\/\/doi.org\/10.1088\/1742-5468\/ab3da6\">10.1088\/1742-5468\/ab3da6<\/a><\/strong><\/p>\n\n\n\n<hr class=\"wp-block-separator\" \/>\n\n\n\n<p><strong>22. Energetic cost of quantum control protocols,<\/strong><\/p>\n\n\n\n<p>O. Abah,&nbsp;R. Puebla, A. Kiely, G. De Chiara, M. Paternostro, and S. Campbell<\/p>\n\n\n\n<p><em>New J. Phys. <strong>21<\/strong>, 103048 (2019)<\/em><\/p>\n\n\n\n<p>doi:&nbsp;<strong><a href=\"https:\/\/doi.org\/10.1088\/1367-2630\/ab4c8c\">10.1088\/1367-2630\/ab4c8c<\/a><\/strong><\/p>\n\n\n\n<hr class=\"wp-block-separator\" \/>\n\n\n\n<p><strong>21. Enabling entanglement distillation via optomechanics,&nbsp;<\/strong><\/p>\n\n\n\n<p>V.&nbsp;Montenegro,&nbsp;A. Ferraro, and&nbsp;S. Bose<\/p>\n\n\n\n<p><em>Phys. Rev. A&nbsp;<strong>100<\/strong>, 042310 (2019)<\/em><\/p>\n\n\n\n<p>doi:&nbsp;<strong><a href=\"https:\/\/doi.org\/10.1103\/PhysRevA.100.042310\">10.1103\/PhysRevA.100.042310<\/a><\/strong><\/p>\n\n\n\n<hr class=\"wp-block-separator\" \/>\n\n\n\n<p><strong>20. Thermodynamics of weakly coherent collisional models,&nbsp;<\/strong><\/p>\n\n\n\n<p>F.&nbsp;L.\u2009S. Rodrigues, G. De Chiara, M. Paternostro, and G. T. Landi<\/p>\n\n\n\n<p><em>Phys. Rev. Lett.&nbsp;<strong>123<\/strong>, 140601 (2019)<\/em><\/p>\n\n\n\n<p>doi: <strong><a href=\"https:\/\/doi.org\/10.1103\/PhysRevLett.123.140601\">10.1103\/PhysRevLett.123.140601<\/a><\/strong><\/p>\n\n\n\n<hr class=\"wp-block-separator\" \/>\n\n\n\n<p><strong>19. Quantum Kibble-Zurek physics in long-range transverse-field Ising models,<\/strong><\/p>\n\n\n\n<p>R. Puebla, O. Marty, and M. B. Plenio<\/p>\n\n\n\n<p><em>Phys. Rev. A <strong>100<\/strong>, 032115 (2019)<\/em><\/p>\n\n\n\n<p>doi:&nbsp;<strong><a href=\"https:\/\/doi.org\/10.1103\/PhysRevA.100.032115\">10.1103\/PhysRevA.100.032115<\/a><\/strong><\/p>\n\n\n\n<hr class=\"wp-block-separator\" \/>\n\n\n\n<p><strong>18. Talbot-Lau effect beyond the point-particle approximation,&nbsp;<\/strong><\/p>\n\n\n\n<p>A. Belenchia, G. Gasbarri, R. Kaltenbaek, H. Ulbricht, and M. Paternostro<\/p>\n\n\n\n<p><em>Phys. Rev. A&nbsp;<strong>100<\/strong>, 033813 (2019)<\/em> (Editor&#8217;s Suggestion)<\/p>\n\n\n\n<p>doi: <strong><a href=\"https:\/\/doi.org\/10.1103\/PhysRevA.100.033813\">10.1103\/PhysRevA.100.033813<\/a><\/strong><\/p>\n\n\n\n<hr class=\"wp-block-separator\" \/>\n\n\n\n<p><strong>17. Daemonic ergotropy: Generalised measurements and multipartite settings,<\/strong><\/p>\n\n\n\n<p>F. Bernards, M. Kleinmann, O. G\u00fchne, and M. Paternostro<\/p>\n\n\n\n<p><em>Entropy <strong>21<\/strong>, 771 (2019)<\/em><\/p>\n\n\n\n<p>doi:&nbsp;<strong><a href=\"https:\/\/doi.org\/10.3390\/e21080771\">10.3390\/e21080771<\/a><\/strong><\/p>\n\n\n\n<hr class=\"wp-block-separator\" \/>\n\n\n\n<p><strong>16. Tests of quantum gravity-induced non-locality: Hamiltonian formulation of a non-local harmonic oscillator,<\/strong><\/p>\n\n\n\n<p>A. Belenchia, D. Benincasa, F. Marin, F. Marino, A. Ortolan, M. Paternostro and S. Liberati<\/p>\n\n\n\n<p><em>Class. Quantum Grav. <strong>36<\/strong>, 155006 (2019)<\/em><\/p>\n\n\n\n<p>doi:&nbsp;<strong><a href=\"https:\/\/doi.org\/10.1088\/1361-6382\/ab2c0a\">10.1088\/1361-6382\/ab2c0a<\/a><\/strong><\/p>\n\n\n\n<hr class=\"wp-block-separator\" \/>\n\n\n\n<p><strong>15. Role of information backflow in the emergence of quantum Darwinism,<\/strong><\/p>\n\n\n\n<p>N.&nbsp;Milazzo, S.&nbsp;Lorenzo, M. Paternostro, and G. M. Palma<\/p>\n\n\n\n<p><em>Phys. Rev. A&nbsp;<strong>100<\/strong>, 012101 (2019)<\/em><\/p>\n\n\n\n<p>doi:&nbsp;<a href=\"https:\/\/doi.org\/10.1103\/PhysRevA.100.012101\"><strong>10.1103\/PhysRevA.100.012101<\/strong><\/a><\/p>\n\n\n\n<hr class=\"wp-block-separator\" \/>\n\n\n\n<p><strong>14. Ultra-cold single-atom quantum heat engines,<\/strong><\/p>\n\n\n\n<p>G. Barontini, and M. Paternostro<\/p>\n\n\n\n<p><em>New J. Phys.&nbsp;<strong>21<\/strong>, 063019 (2019)<\/em><\/p>\n\n\n\n<p>doi:<a href=\"https:\/\/doi.org\/10.1088\/1367-2630\/ab2684\">&nbsp;<strong>10.1088\/1367-2630\/ab2684<\/strong><\/a><\/p>\n\n\n\n<hr class=\"wp-block-separator\" \/>\n\n\n\n<p><strong>13. Quantum work statistics and resource theories: Bridging the gap through R\u00e9nyi divergences,<\/strong><\/p>\n\n\n\n<p>G. Guarnieri, N. H. Y. Ng, K. Modi, J. Eisert, M. Paternostro, and J. Goold<\/p>\n\n\n\n<p><em>Phys. Rev. E <strong>99<\/strong>, 050101(R) (2019)<\/em><\/p>\n\n\n\n<p>doi:&nbsp;<strong><a href=\"https:\/\/doi.org\/10.1103\/PhysRevE.99.050101\">10.1103\/PhysRevE.99.050101<\/a><\/strong><\/p>\n\n\n\n<hr class=\"wp-block-separator\" \/>\n\n\n\n<p><strong>12. Spin-boson model as a simulator of non-Markovian multiphoton Jaynes-Cummings models,<\/strong><\/p>\n\n\n\n<p>R. Puebla, G. Zicari, I. Arrazola, E. Solano, M. Paternostro, and J. Casanova<\/p>\n\n\n\n<p><em>Symmetry <strong>11<\/strong>, 695 (2019)<\/em><\/p>\n\n\n\n<p>doi:&nbsp;<strong><a href=\"https:\/\/doi.org\/10.3390\/sym11050695\">10.3390\/sym11050695<\/a><\/strong><\/p>\n\n\n\n<hr class=\"wp-block-separator\" \/>\n\n\n\n<p><strong>11.&nbsp;Wigner entropy production and heat transport in linear quantum lattices,<\/strong><\/p>\n\n\n\n<p>W.&nbsp;T. B. Malouf, J. P. Santos, L. A. Correa, M. Paternostro, and G. T. Landi<\/p>\n\n\n\n<p><em>Phys. Rev. A <strong>99<\/strong>, 052104 (2019)<\/em><\/p>\n\n\n\n<p>doi: <strong><a href=\"https:\/\/doi.org\/10.1103\/PhysRevA.99.052104\">10.1103\/PhysRevA.99.052104<\/a><\/strong><\/p>\n\n\n\n<hr class=\"wp-block-separator\" \/>\n\n\n\n<p><strong>10. Collisional unfolding of quantum Darwinism,<\/strong><\/p>\n\n\n\n<p>S.&nbsp;Campbell, B. \u00c7akmak, \u00d6. E. M\u00fcstecapl\u0131o\u011flu, M. Paternostro, and B. Vacchini<\/p>\n\n\n\n<p><em>Phys. Rev. A <strong>99<\/strong>, 042103 (2019)<\/em><\/p>\n\n\n\n<p>doi:&nbsp;<strong><a href=\"https:\/\/doi.org\/10.1103\/PhysRevA.99.042103\">10.1103\/PhysRevA.99.042103<\/a><\/strong><\/p>\n\n\n\n<hr class=\"wp-block-separator\" \/>\n\n\n\n<p><strong>9. An out-of-equilibrium non-Markovian quantum heat engine,<\/strong><\/p>\n\n\n\n<p>M. Pezzutto, M. Paternostro, and Y. Omar<\/p>\n\n\n\n<p><em>Quantum Sci. Technol. <strong>4<\/strong>,&nbsp;025002 (2019)<\/em><\/p>\n\n\n\n<p>doi:&nbsp;<strong><a href=\"https:\/\/doi.org\/10.1088\/2058-9565\/aaf5b4\">10.1088\/2058-9565\/aaf5b4<\/a><\/strong><\/p>\n\n\n\n<hr class=\"wp-block-separator\" \/>\n\n\n\n<p><strong>8. Multipartite entanglement swapping and mechanical cluster states,<\/strong><\/p>\n\n\n\n<p>C.&nbsp;Ottaviani, C. Lupo, A. Ferraro, M. Paternostro, and S. Pirandola<\/p>\n\n\n\n<p><em>Phys. Rev. A <strong>99<\/strong>, 030301(R) (2019)<\/em><\/p>\n\n\n\n<p>doi:&nbsp;<strong><a href=\"https:\/\/doi.org\/10.1103\/PhysRevA.99.030301\">10.1103\/PhysRevA.99.030301<\/a><\/strong><\/p>\n\n\n\n<hr class=\"wp-block-separator\" \/>\n\n\n\n<p><strong>7.&nbsp;The role of quantum coherence in non-equilibrium entropy production,<\/strong><\/p>\n\n\n\n<p>J. P. Santos, L. C. C\u00e9leri, G. T. Landi, and M. Paternostro<\/p>\n\n\n\n<p><em>npj Quantum Information&nbsp;<strong>5<\/strong>, 23 (2019)<\/em><\/p>\n\n\n\n<p>doi:&nbsp;<strong><a href=\"https:\/\/doi.org\/10.1038\/s41534-019-0138-y\">10.1038\/s41534-019-0138-y<\/a><\/strong><\/p>\n\n\n\n<hr class=\"wp-block-separator\" \/>\n\n\n\n<p><strong>6. Quantum simulation of multiphoton and nonlinear dissipative spin-boson models,<\/strong><\/p>\n\n\n\n<p>R. Puebla, J. Casanova, O. Houhou, E. Solano, and M. Paternostro<\/p>\n\n\n\n<p><em>Phys. Rev. A <strong>99<\/strong>, 032303&nbsp;(2019)<\/em><\/p>\n\n\n\n<p>doi:&nbsp;<strong><a href=\"https:\/\/doi.org\/10.1103\/PhysRevA.99.032303\">10.1103\/PhysRevA.99.032303<\/a><\/strong><\/p>\n\n\n\n<hr class=\"wp-block-separator\" \/>\n\n\n\n<p><strong>5. High-dimensional quantum encoding via photon-subtracted squeezed states,<\/strong><\/p>\n\n\n\n<p>F.&nbsp;Arzani, A. Ferraro, and V. Parigi<\/p>\n\n\n\n<p><em>Phys. Rev. A <strong>99<\/strong>, 022342 (2019)<\/em><\/p>\n\n\n\n<p>doi:&nbsp;<strong><a href=\"https:\/\/doi.org\/10.1103\/PhysRevA.99.022342\">10.1103\/PhysRevA.99.022342<\/a><\/strong><\/p>\n\n\n\n<hr class=\"wp-block-separator\" \/>\n\n\n\n<p><strong>4. Promising ways to encode and manipulate quantum information,<\/strong><\/p>\n\n\n\n<p>A. Ferraro<\/p>\n\n\n\n<p><em>Nature <strong>566<\/strong>, 460 (2019)<\/em><\/p>\n\n\n\n<p>doi:&nbsp;<strong><a href=\"https:\/\/doi.org\/10.1038\/d41586-019-00647-3\">10.1038\/d41586-019-00647-3<\/a><\/strong><\/p>\n\n\n\n<hr class=\"wp-block-separator\" \/>\n\n\n\n<p><strong>3. Shortcut-to-adiabaticity Otto engine: A twist to finite-time thermodynamics,<\/strong><\/p>\n\n\n\n<p>O. Abah, and M. Paternostro<\/p>\n\n\n\n<p><em>Phys. Rev. E <strong>99<\/strong>, 022110 (2019)<\/em><\/p>\n\n\n\n<p>doi:&nbsp;<strong><a href=\"https:\/\/doi.org\/10.1103\/PhysRevE.99.022110\">10.1103\/PhysRevE.99.022110<\/a><\/strong><\/p>\n\n\n\n<hr class=\"wp-block-separator\" \/>\n\n\n\n<p><strong>2. Experimental engineering of arbitrary qudit states with discrete-time quantum walks,<\/strong><\/p>\n\n\n\n<p>T.&nbsp;Giordani, E. Polino, S. Emiliani, A. Suprano, L. Innocenti, H. Majury, L. Marrucci, M. Paternostro, A. Ferraro, N. Spagnolo, and F. Sciarrino<\/p>\n\n\n\n<p><em>Phys. Rev. Lett. <strong>122<\/strong>, 020503 (2019)<\/em><\/p>\n\n\n\n<p>doi:&nbsp;<strong><a href=\"https:\/\/doi.org\/10.1103\/PhysRevLett.122.020503\">10.1103\/PhysRevLett.122.020503<\/a><\/strong><\/p>\n\n\n\n<hr class=\"wp-block-separator\" \/>\n\n\n\n<p><strong>1. Robust multipartite entanglement generation via a collision model,<\/strong><\/p>\n\n\n\n<p>B.&nbsp;\u00c7akmak, S. Campbell, B. Vacchini, \u00d6. E. M\u00fcstecapl\u0131o\u011flu, and M. Paternostro<\/p>\n\n\n\n<p><em>Phys. Rev. A&nbsp;<strong>99<\/strong>, 012319 (2019)<\/em><\/p>\n\n\n\n<p>doi:&nbsp;<strong><a href=\"https:\/\/doi.org\/10.1103\/PhysRevA.99.012319\">10.1103\/PhysRevA.99.012319<\/a><\/strong><\/p>\n","protected":false},"excerpt":{"rendered":"<p>25.&nbsp;Spin chains for two-qubit teleportation, T. J. G. Apollaro, G. M. A. Almeida, S. Lorenzo, A. Ferraro, and S. Paganelli Phys. Rev. A&nbsp;100, 052308 (2019) doi:&nbsp;10.1103\/PhysRevA.100.052308 24. Testing the gravitational field generated by a quantum superposition M. Carlesso, A. Bassi, M. Paternostro, and H. Ulbricht New J. Phys. 21, 093052 (2019) doi:&nbsp;10.1088\/1367-2630\/ab41c1 23.&nbsp;Out of equilibrium [&hellip;]<\/p>\n","protected":false},"author":1556,"featured_media":0,"parent":29,"menu_order":0,"comment_status":"closed","ping_status":"closed","template":"","meta":{"footnotes":""},"class_list":["post-4199","page","type-page","status-publish","hentry"],"_links":{"self":[{"href":"https:\/\/blogs.qub.ac.uk\/qteq\/wp-json\/wp\/v2\/pages\/4199","targetHints":{"allow":["GET"]}}],"collection":[{"href":"https:\/\/blogs.qub.ac.uk\/qteq\/wp-json\/wp\/v2\/pages"}],"about":[{"href":"https:\/\/blogs.qub.ac.uk\/qteq\/wp-json\/wp\/v2\/types\/page"}],"author":[{"embeddable":true,"href":"https:\/\/blogs.qub.ac.uk\/qteq\/wp-json\/wp\/v2\/users\/1556"}],"replies":[{"embeddable":true,"href":"https:\/\/blogs.qub.ac.uk\/qteq\/wp-json\/wp\/v2\/comments?post=4199"}],"version-history":[{"count":0,"href":"https:\/\/blogs.qub.ac.uk\/qteq\/wp-json\/wp\/v2\/pages\/4199\/revisions"}],"up":[{"embeddable":true,"href":"https:\/\/blogs.qub.ac.uk\/qteq\/wp-json\/wp\/v2\/pages\/29"}],"wp:attachment":[{"href":"https:\/\/blogs.qub.ac.uk\/qteq\/wp-json\/wp\/v2\/media?parent=4199"}],"curies":[{"name":"wp","href":"https:\/\/api.w.org\/{rel}","templated":true}]}}