{"id":35,"date":"2012-02-08T19:22:10","date_gmt":"2012-02-08T18:22:10","guid":{"rendered":"http:\/\/web.am.qub.ac.uk\/wp\/qo\/"},"modified":"2012-02-08T19:22:10","modified_gmt":"2012-02-08T18:22:10","slug":"visitors","status":"publish","type":"page","link":"https:\/\/blogs.qub.ac.uk\/qteq\/visitors\/","title":{"rendered":"Visitors"},"content":{"rendered":"\n<table border=\"1\" width=\"100%\" cellspacing=\"3\" cellpadding=\"3\">\n<thead>\n<tr>\n<th>When<\/th>\n<th>Name<\/th>\n<th>Institution<\/th>\n<\/tr>\n<tr><td> 6-10 February 2023<\/td>\n<td>Mario A. Ciampini<\/td>\n<td>University of Vienna<\/td>\n<\/tr>\n\n<tr><td> 6-10 February 2023<\/td>\n<td>Paul Juschitz<\/td>\n<td>University of Vienna<\/td>\n<\/tr>\n<tr>\n<td>24-26 October 2022<\/td>\n<td>Luigi Amico<\/td>\n<td>Quantum Research Center, Abu Dhabi<\/td>\n<\/tr>\n<tr>\n<td>17-28 October 2022<\/td>\n<td>Alberto Imparato<\/td>\n<td>Aarhus University, Denmark<\/td>\n<\/tr>\n<tr>\n<td>15 June &#8211; 8 July 2022<\/td>\n<td>Dario Chisholm<\/td>\n<td>University of Palermo<\/td>\n<\/tr>\n<tr>\n<td>23 March &#8211; 1 April&nbsp; 2022<\/td>\n<td>Luca Innocenti<\/td>\n<td>University of Palermo<\/td>\n<\/tr>\n<tr>\n<td>2021<\/td>\n<td>Steve Campbell<\/td>\n<td>University College Dublin<\/td>\n<\/tr>\n<tr>\n<td> 2021<\/td>\n<td>Anthony Kiely<\/td>\n<td>University College Dublin<\/td>\n<\/tr>\n<tr>\n<td> 2021<\/td>\n<td>Dominik \u0160afr\u00e1nek<\/td>\n<td>IBS Center for Theoretical Physics of Complex Systems, Daejeon<\/td>\n<\/tr>\n<tr>\n<td>1 July &#8211; 24 October 2021<\/td>\n<td>Edoardo Alessandroni<\/td>\n<td>University of Trieste<\/td>\n<\/tr>\n<tr>\n<td>26 February 2020<\/td>\n<td>Giovanni Barontini<\/td>\n<td>University of Birmingham<\/td>\n<\/tr>\n<tr>\n<td>12 February 2020<\/td>\n<td>Mark Mitchison<\/td>\n<td>Trinity College Dublin<\/td>\n<\/tr>\n<tr>\n<td>9 January 2020-23 January 2020<\/td>\n<td>Gabriel T. Landi<\/td>\n<td>University of S\u00e3o Paulo<\/td>\n<\/tr>\n<tr>\n<td>16 December 2019-19 December 2019<\/td>\n<td>Giacomo Torlai<\/td>\n<td>Flatiron Institute<\/td>\n<\/tr>\n<tr>\n<td>11 November 2019-15 November 2019<\/td>\n<td>Matteo Brunelli<\/td>\n<td>University of Cambridge<\/td>\n<\/tr>\n<tr>\n<td>9 November 2019-21 November 2019<\/td>\n<td>Oussama Houhou<\/td>\n<td>University of Medea<\/td>\n<\/tr>\n<tr>\n<td>7 October 2019-11 October 2019<\/td>\n<td>Giulio Gasbarri<\/td>\n<td>University of Southampton<\/td>\n<\/tr>\n<tr>\n<td>5 September 2019-15 December 2019<\/td>\n<td>Mar\u00eda Garc\u00eda D\u00edaz<\/td>\n<td>Universitat Aut\u00f2noma de Barcelona<\/td>\n<\/tr>\n<tr>\n<td>8 July 2019-8 October 2019<\/td>\n<td>Taira Giordani<\/td>\n<td>Sapienza University of Rome<\/td>\n<\/tr>\n<tr>\n<td>27 June 2019-28 June 2019<\/td>\n<td>Stefano Olivares<\/td>\n<td>University of Milan<\/td>\n<\/tr>\n<tr>\n<td>10 June 2019-13 June 2019<\/td>\n<td>Marko Toro\u0161<\/td>\n<td>University of Southampton<\/td>\n<\/tr>\n<tr>\n<td>13 May 2019-17 May 2019<\/td>\n<td>Laura Garcia-Alvarez<\/td>\n<td>Chalmers University<\/td>\n<\/tr>\n<tr>\n<td>13 May 2019-17 May 2019<\/td>\n<td>Giulia Ferrini<\/td>\n<td>Chalmers University<\/td>\n<\/tr>\n<tr>\n<td>29 April 2019-24 May 2019<\/td>\n<td>Nicol\u00f2 Piccione<\/td>\n<td>Institut UTINAM &#8211; CNRS<\/td>\n<\/tr>\n<tr>\n<td>25 March 2019-29 March 2019<\/td>\n<td>Andrea Smirne<\/td>\n<td>Ulm University<\/td>\n<\/tr>\n<tr>\n<td>6 February 2019-7 February 2019<\/td>\n<td>Ahsan Nazir<\/td>\n<td>Manchester University<\/td>\n<\/tr>\n<tr>\n<td>17 May 2018-18 May 2018<\/td>\n<td>Dario Tamascelli<\/td>\n<td>University of Milan<\/td>\n<\/tr>\n<tr>\n<td>7 May 2018-9 May 2018<\/td>\n<td>Daniel Alonso<\/td>\n<td>Universitat de La Laguna<\/td>\n<\/tr>\n<tr>\n<td>1 May 2018-2 May 2018<\/td>\n<td>Jacopo Bertolotti<\/td>\n<td>University of Exeter<\/td>\n<\/tr>\n<tr>\n<td>23 April 2018-27 April 2018<\/td>\n<td>Matteo Carlesso<\/td>\n<td>University of Trieste<\/td>\n<\/tr>\n<tr>\n<td>23 April 2018-27 April 2018<\/td>\n<td>Alessio Belenchia<\/td>\n<td>University of Vienna<\/td>\n<\/tr>\n<tr>\n<td>21 March 2018-31 March 2018<\/td>\n<td>Baris Cakmak<\/td>\n<td>Koc University<\/td>\n<\/tr>\n<tr>\n<td>21 March 2018-22 March 2018<\/td>\n<td>Valentina Parigi<\/td>\n<td>Universit\u00e9 Pierre et Marie Curie<\/td>\n<\/tr>\n<tr>\n<td>15 February 2018-22 February 2018<\/td>\n<td>Taira Giordani<\/td>\n<td>Sapienza University of Rome<\/td>\n<\/tr>\n<tr>\n<td>12 February 2018-16 February 2018<\/td>\n<td>Gabriel Landi<\/td>\n<td>University of Sao Paulo<\/td>\n<\/tr>\n<tr>\n<td>15 November 2017-18 November 2017<\/td>\n<td>Bassano Vacchini<\/td>\n<td>University of Milan<\/td>\n<\/tr>\n<tr>\n<td>30 October 2017-14 November 2017<\/td>\n<td>Steve Campbell<\/td>\n<td>University of Milan<\/td>\n<\/tr>\n<tr>\n<td>23 October 2017-24 October 2017<\/td>\n<td>Matteo Brunelli<\/td>\n<td>University of Cambridge<\/td>\n<\/tr>\n<tr>\n<td>24 September 2017-29 September 2017<\/td>\n<td>Raam Uzdin<\/td>\n<td>Hebrew University of Jerusalem<\/td>\n<\/tr>\n<tr>\n<td>27 August 2017-28 September 2017<\/td>\n<td>Klemens Hammerer<\/td>\n<td>Hannover Universitaet<\/td>\n<\/tr>\n<tr>\n<td>11 April 2017-12 April 2017<\/td>\n<td>Andrea Trombettoni<\/td>\n<td>SISSA Trieste<\/td>\n<\/tr>\n<tr>\n<td>3 April 2017-7 April 2017<\/td>\n<td>Marco Pezzutto<\/td>\n<td>Instituto Superior Tecnico de Lisboa<\/td>\n<\/tr>\n<tr>\n<td>15 April 2017-30 September 2017<\/td>\n<td>Marta Marchese<\/td>\n<td>Universita&#8217; degli Studi di Trieste<\/td>\n<\/tr>\n<tr>\n<td>31 March&#8211;4 April 2017<\/td>\n<td>Steve Campbell<\/td>\n<td>Universita&#8217; degli Studi di Milano<\/td>\n<\/tr>\n<tr>\n<td>22 March 2017<\/td>\n<td>Alessandro Fedrizzi<\/td>\n<td>Heriot-Watt University<\/td>\n<\/tr>\n<tr>\n<td>20 March-22 March 2017<\/td>\n<td>Luca Mancino<\/td>\n<td>Universita&#8217; Roma Tre<\/td>\n<\/tr>\n<tr>\n<td>13 November-26 November 2016<\/td>\n<td>Baris Cakmak<\/td>\n<td>Koc University Istanbul<\/td>\n<\/tr>\n<tr>\n<td>3 November-5 November 2016<\/td>\n<td>Ronald Hanson<\/td>\n<td>Delft University of Technology<\/td>\n<\/tr>\n<tr>\n<td>2 November-4 November 2016<\/td>\n<td>Eric Lutz<\/td>\n<td>Universitaet Erlangen<\/td>\n<\/tr>\n<tr>\n<td>25 October-26 October 2016<\/td>\n<td>Andreas Nunnenkampt<\/td>\n<td>University of Cambridge<\/td>\n<\/tr>\n<tr>\n<td>28 September-8 October 2016<\/td>\n<td>Giacomo Guarnieri<\/td>\n<td>Universita&#8217; di Milano<\/td>\n<\/tr>\n<tr>\n<td>5 July-3 September 2016<\/td>\n<td>Mario A. Ciampini<\/td>\n<td>Sapienza University of Rome<\/td>\n<\/tr>\n<tr>\n<td>4 July-6 July 2016<\/td>\n<td>Antonio Acin<\/td>\n<td>ICFO Barcelona<\/td>\n<\/tr>\n<tr>\n<td>4 July-5 July 2016<\/td>\n<td>Giacomo Torlai<\/td>\n<td>University of Waterloo<\/td>\n<\/tr>\n<tr>\n<td>21 June-23 June 2016<\/td>\n<td>Francesco Plastina<\/td>\n<td>University of Calabria<\/td>\n<\/tr>\n<tr>\n<td>19 June-22 June 2016<\/td>\n<td>G. Massimo Palma<\/td>\n<td>University of Palermo<\/td>\n<\/tr>\n<tr>\n<td>22 June-24 June 2016<\/td>\n<td>Andrei Manolescu<\/td>\n<td>Rykjavik University<\/td>\n<\/tr>\n<tr>\n<td>11 June-12 July 2016<\/td>\n<td>Ozgur Mustecaplioglu<\/td>\n<td>Koc University<\/td>\n<\/tr>\n<tr>\n<td>1 June-6 September 2016<\/td>\n<td>Nadia Milazzo<\/td>\n<td>University of Palermo<\/td>\n<\/tr>\n<tr>\n<td>23-26 May 2016<\/td>\n<td>Sandro Stringari<\/td>\n<td>University of Trento<\/td>\n<\/tr>\n<tr>\n<td>26-28 April 2016<\/td>\n<td>Philip Walther<\/td>\n<td>Universitaet Wien<\/td>\n<\/tr>\n<tr>\n<td>12-15 April 2016<\/td>\n<td>Otfried Guehne<\/td>\n<td>Universitaet Siegen<\/td>\n<\/tr>\n<tr>\n<td>14 March-16 March 2016<\/td>\n<td>John Goold<\/td>\n<td>ICTP Trieste<\/td>\n<\/tr>\n<tr>\n<td>13 March-21 March 2016<\/td>\n<td>Giacomo Guarnieri<\/td>\n<td>Universita&#8217; di Milano<\/td>\n<\/tr>\n<tr>\n<td>1 March-31 March 2016<\/td>\n<td>Jose&#8217; Alonso Castaneda<\/td>\n<td>Universitaet Erlangen<\/td>\n<\/tr>\n<tr>\n<td>29 February-1 March 2016<\/td>\n<td>Joelle Boutari<\/td>\n<td>University of Oxford<\/td>\n<\/tr>\n<tr>\n<td>9-11 February 2016<\/td>\n<td>Francesco Cataliotti<\/td>\n<td>Universita&#8217; degli studi di Firenze<\/td>\n<\/tr>\n<tr>\n<td>13 January-31 July 2016<\/td>\n<td>Gianluca Francica<\/td>\n<td>Universita&#8217; degli studi di Cosenza<\/td>\n<\/tr>\n<tr>\n<td>6 January-26 February 2016<\/td>\n<td>Abel Yuste-Roca<\/td>\n<td>Universitat Autonoma de Barcelona<\/td>\n<\/tr>\n<tr>\n<td>15 December 2015-4 January 2016<\/td>\n<td>Rosaria Lena<\/td>\n<td>Universita&#8217; degli studi di Palermo &amp; University of Strathclyde<\/td>\n<\/tr>\n<tr>\n<td>9 December 2015<\/td>\n<td>Peter Barker<\/td>\n<td>University College London<\/td>\n<\/tr>\n<tr>\n<td>8-10 December 2015<\/td>\n<td>Sarah Al-Assam<\/td>\n<td>University of Oxford<\/td>\n<\/tr>\n<tr>\n<td>21 November-10 December 2015<\/td>\n<td>Tony Apollaro<\/td>\n<td>Universita&#8217; degli studi di Palermo<\/td>\n<\/tr>\n<tr>\n<td>24-26 November 2015<\/td>\n<td>Igor Mekhov<\/td>\n<td>University of Oxford<\/td>\n<\/tr>\n<tr>\n<td>5-9 October 2015<\/td>\n<td>Michael Jabbour<\/td>\n<td>Universite&#8217; Libre de Bruxelles<\/td>\n<\/tr>\n<tr>\n<td>24 June-28 June 2015<\/td>\n<td>G Massimo Palma<\/td>\n<td>Universita&#8217; degli studi di Palermo<\/td>\n<\/tr>\n<tr>\n<td>24 June-26 June 2015<\/td>\n<td>Gershon Kurizki<\/td>\n<td>Weizmann Institute<\/td>\n<\/tr>\n<tr>\n<td>25 May-29 May 2015<\/td>\n<td>Thom\u00e1s Fogarty<\/td>\n<td>Universit\u00e4t des Saarlandes<\/td>\n<\/tr>\n<tr>\n<td>13 May-22 May 2015<\/td>\n<td>Marco Pezzutto<\/td>\n<td>Instituto de telecomunicacoes (Lisbon)<\/td>\n<\/tr>\n<tr>\n<td>10 May-13 May 2015<\/td>\n<td>Miguel \u00c1ngel Garc\u00eda-March<\/td>\n<td>ICFO &#8211; Barcelona<\/td>\n<\/tr>\n<tr>\n<td>26 April-16 May 2015<\/td>\n<td>Fernando Semiao<\/td>\n<td>Universidade Federal do ABC<\/td>\n<\/tr>\n<tr>\n<td>30 March-3 April 2015<\/td>\n<td>Kavan Modi<\/td>\n<td>Monash University<\/td>\n<\/tr>\n<tr>\n<td>19 February-20 February 2015<\/td>\n<td>Markus Arndt<\/td>\n<td>Universitaet Wien<\/td>\n<\/tr>\n<tr>\n<td>10 February-12 February 2015<\/td>\n<td>Martin Plenio<\/td>\n<td>Universitaet Ulm<\/td>\n<\/tr>\n<tr>\n<td>3 February-7 February 2015<\/td>\n<td>Andre&#8217; Xuereb<\/td>\n<td>University of Malta<\/td>\n<\/tr>\n<tr>\n<td>2 February-6 February 2015<\/td>\n<td>Abolfazl Bayat<\/td>\n<td>University College London<\/td>\n<\/tr>\n<tr>\n<td>2 February-6 February 2015<\/td>\n<td>Simone Paganelli<\/td>\n<td>Universita&#8217; de L&#8217;Aquila<\/td>\n<\/tr>\n<tr>\n<td>17 January 2015-17 February 2015<\/td>\n<td>Tony J. G. Apollaro<\/td>\n<td>Universita&#8217; degli Studi di Palermo<\/td>\n<\/tr>\n<tr>\n<td>12 January-14 January 2015<\/td>\n<td>Nana Liu<\/td>\n<td>University of Oxford<\/td>\n<\/tr>\n<tr>\n<td>21 December 2014-23 December 2014<\/td>\n<td>Thomas Busch<\/td>\n<td>Okinawa Institute of Science and Technology<\/td>\n<\/tr>\n<tr>\n<td>21 December 2014-23 December 2014<\/td>\n<td>Thomas Fogarty<\/td>\n<td>Universitaet Saarbrucken<\/td>\n<\/tr>\n<tr>\n<td>21 December 2014-22 December 2014<\/td>\n<td>Francesco Plastina<\/td>\n<td>Universita&#8217; della Calabria<\/td>\n<\/tr>\n<tr>\n<td>14 November 2014<\/td>\n<td>Tommaso Calarco<\/td>\n<td>Universitaet Ulm<\/td>\n<\/tr>\n<tr>\n<td>11 November 2014-14 December 2014<\/td>\n<td>Margherita Zuppardo<\/td>\n<td>Nanyang Technological University<\/td>\n<\/tr>\n<tr>\n<td>3 November-6 November 2014<\/td>\n<td>Manuel Valente and Lawrence Phillips<\/td>\n<td>Heriot-Watt University<\/td>\n<\/tr>\n<tr>\n<td>3 November-6 November 2014<\/td>\n<td>Matteo Rizzi<\/td>\n<td>Johannes Gutenberg Universitaet Mainz<\/td>\n<\/tr>\n<tr>\n<td>15 October 2014<\/td>\n<td>Ignacio Cirac<\/td>\n<td>Max Planck Garching<\/td>\n<\/tr>\n<tr>\n<td>06 October-10 October 2014<\/td>\n<td>Sebastian Deffner<\/td>\n<td>LANL<\/td>\n<\/tr>\n<tr>\n<td>20 August-22 August 2014<\/td>\n<td>Dan Goldwater<\/td>\n<td>University College London<\/td>\n<\/tr>\n<tr>\n<td>13 August-12 September 2014<\/td>\n<td>Fernando &#8216;Boiuna&#8217; Nicacio<\/td>\n<td>Universidade Federal do ABC<\/td>\n<\/tr>\n<tr>\n<td>23 June-25 June 2014<\/td>\n<td>Dario Poletti<\/td>\n<td>Singapore University of Technology and Design<\/td>\n<\/tr>\n<tr>\n<td>28 April-8 May 2014<\/td>\n<td>Petr Marek &amp; Michal Micuda<\/td>\n<td>University of Olomouc<\/td>\n<\/tr>\n<tr>\n<td>29 April-01 May 2014<\/td>\n<td>Gianluca Giorgi<\/td>\n<td>INRIM Torino<\/td>\n<\/tr>\n<tr>\n<td>22 April-02 May 2014<\/td>\n<td>Fernando L. Semiao<\/td>\n<td>Universidade Federal do ABC<\/td>\n<\/tr>\n<tr>\n<td>2 April-5 April 2014<\/td>\n<td>Christiane Koch<\/td>\n<td>Universit\u00e4t Kassel<\/td>\n<\/tr>\n<tr>\n<td>2 April-5 April 2014<\/td>\n<td>Michele Campisi<\/td>\n<td>Scuola Normale Pisa<\/td>\n<\/tr>\n<tr>\n<td>31 March-30 June 201<\/td>\n<td>Laura Di Maggio<\/td>\n<td>Sapienza Universita&#8217; di Roma<\/td>\n<\/tr>\n<tr>\n<td>23 March-27 March 2014<\/td>\n<td>Giacomo Torlai<\/td>\n<td>Ludwig Maximilian University<\/td>\n<\/tr>\n<tr>\n<td>20 March-21 March 2014<\/td>\n<td>Vlatko Vedral<\/td>\n<td>University of Oxford\/National University of Singapore<\/td>\n<\/tr>\n<tr>\n<td>20 March-21 March 2014<\/td>\n<td>Oscar Dahlsten<\/td>\n<td>University of Oxford<\/td>\n<\/tr>\n<tr>\n<td>20 March-21 March 2014<\/td>\n<td>Eric Lutz<\/td>\n<td>Universitaet Erlangen-Nuremberg<\/td>\n<\/tr>\n<tr>\n<td>19 March-23 March 2014<\/td>\n<td>Alberto Imparato<\/td>\n<td>Universitat Aarhus<\/td>\n<\/tr>\n<tr>\n<td>19 March-21 March 2014<\/td>\n<td>Tobias Donner<\/td>\n<td>ETH Zurich<\/td>\n<\/tr>\n<tr>\n<td>19 March-21 March 2014<\/td>\n<td>Nikolai Kiesel<\/td>\n<td>Universitaet Wien<\/td>\n<\/tr>\n<tr>\n<td>19 March-22 March 2014<\/td>\n<td>G. Massimo Palma<\/td>\n<td>Universita&#8217; degli studi di Palermo<\/td>\n<\/tr>\n<tr>\n<td>19 March-21 March 2014<\/td>\n<td>Rosario Fazio<\/td>\n<td>Scuola Normale Superiore di Pisa<\/td>\n<\/tr>\n<tr>\n<td>18 March-22 March 2014<\/td>\n<td>Kavan Modi<\/td>\n<td>Monash University<\/td>\n<\/tr>\n<tr>\n<td>18 March-21 March 2014<\/td>\n<td>John Goold<\/td>\n<td>Universita&#8217; di Trieste<\/td>\n<\/tr>\n<tr>\n<td>11 March-7 May 2014<\/td>\n<td>Gianluca Francica<\/td>\n<td>Universita della Calabria<\/td>\n<\/tr>\n<tr>\n<td>4 March-5 May 2014<\/td>\n<td>Eduardo &#8220;Dudu&#8221; Mascarenhas<\/td>\n<td>Universidade Federal de Minas Gerais<\/td>\n<\/tr>\n<tr>\n<td>3 March-5 March 2014<\/td>\n<td>Miguel Angel Garcia-March<\/td>\n<td>Universitat de Barcelona<\/td>\n<\/tr>\n<tr>\n<td>15-17 January 2014<\/td>\n<td>Stefano Pironio<\/td>\n<td>Universite&#8217; Libre de Bruxelles<\/td>\n<\/tr>\n<tr>\n<td>13 January-10 February 2014<\/td>\n<td>Oussama Houhou<\/td>\n<td>University of Medea<\/td>\n<\/tr>\n<tr>\n<td>10-11 December 2013<\/td>\n<td>Simone De Liberato<\/td>\n<td>University of Southampton<\/td>\n<\/tr>\n<tr>\n<td>9-11 December 2013<\/td>\n<td>Francesco Plastina<\/td>\n<td>Universita&#8217; della Calabria<\/td>\n<\/tr>\n<tr>\n<td>19 November-6 December 2013<\/td>\n<td>Berihu Teklu<\/td>\n<td>Universita&#8217; di Milano<\/td>\n<\/tr>\n<tr>\n<td>11-14 November 2013<\/td>\n<td>Matteo G. A. Paris<\/td>\n<td>Universita&#8217; di Milano<\/td>\n<\/tr>\n<tr>\n<td>5-9 November 2013<\/td>\n<td>Petr Marek<\/td>\n<td>Palacky University<\/td>\n<\/tr>\n<tr>\n<td>27-30 October 2013<\/td>\n<td>Michele Campisi<\/td>\n<td>Universiaet Augsburg<\/td>\n<\/tr>\n<tr>\n<td>18-19 October 2013<\/td>\n<td>Sougato Bose<\/td>\n<td>University College London<\/td>\n<\/tr>\n<tr>\n<td>18-19 October 2013<\/td>\n<td>Igor Lesanovsky<\/td>\n<td>University of Nottingham<\/td>\n<\/tr>\n<tr>\n<td>10 October 2013-January 2014<\/td>\n<td>Margherita Zuppardo<\/td>\n<td>Nanyang Technological University<\/td>\n<\/tr>\n<tr>\n<td>09-10 October 2013<\/td>\n<td>Matteo Brunelli<\/td>\n<td>Universita&#8217; degli studi di Milano<\/td>\n<\/tr>\n<tr>\n<td>20 September 2013<\/td>\n<td>Sougato Bose<\/td>\n<td>University College London<\/td>\n<\/tr>\n<tr>\n<td>5-6 September 2013<\/td>\n<td>Vlatko Vedral<\/td>\n<td>University of Oxford and National University of Singapore<\/td>\n<\/tr>\n<tr>\n<td>25-28 July 2013<\/td>\n<td>Matteo Brunelli<\/td>\n<td>Universita&#8217; di Milano<\/td>\n<\/tr>\n<tr>\n<td>10-17 July 2013<\/td>\n<td>Steve Campbell<\/td>\n<td>Okinawa Institute of Science and Technology<\/td>\n<\/tr>\n<tr>\n<td>7-10 July 2013<\/td>\n<td>Hyunseok Jeong<\/td>\n<td>Seoul National University<\/td>\n<\/tr>\n<tr>\n<td>26 June-25 July 2013<\/td>\n<td>Fernando &#8220;Boiuna&#8221; Nicacio<\/td>\n<td>Universidade Federal do ABC<\/td>\n<\/tr>\n<tr>\n<td>13-15 May 2013<\/td>\n<td>Arnau Riera<\/td>\n<td>Freie Universitaet Berlin<\/td>\n<\/tr>\n<tr>\n<td>3 May 2013-2 May 2014<\/td>\n<td>Jader Pereira dos Santos<\/td>\n<td>Universidade Federal do ABC<\/td>\n<\/tr>\n<tr>\n<td>15-26 April 2013<\/td>\n<td>Petr Marek<\/td>\n<td>Palacky University<\/td>\n<\/tr>\n<tr>\n<td>15-18 April 2013<\/td>\n<td>John Goold<\/td>\n<td>University of Oxford<\/td>\n<\/tr>\n<tr>\n<td>20-23 March 2013<\/td>\n<td>Francesco Ciccarello<\/td>\n<td>Universita&#8217; di Palermo<\/td>\n<\/tr>\n<tr>\n<td>12-20 March 2013<\/td>\n<td>Kavan Modi<\/td>\n<td>Oxford University<\/td>\n<\/tr>\n<tr>\n<td>27 February-1 March 2013<\/td>\n<td>Giacomo Torlai<\/td>\n<td>Ludwig Maximilian University<\/td>\n<\/tr>\n<tr>\n<td>27 February-20 March 2013<\/td>\n<td>Mariona Moreno<\/td>\n<td>Universitat Autonoma de Barcelona<\/td>\n<\/tr>\n<tr>\n<td>20 February 2013<\/td>\n<td>Hendrik Ulbricht<\/td>\n<td>University of Southampton<\/td>\n<\/tr>\n<tr>\n<td>13-15 February 2013<\/td>\n<td>Aurelien Dantan<\/td>\n<td>University of Aarhus<\/td>\n<\/tr>\n<tr>\n<td>4-5 December 2012<\/td>\n<td>Hendrik Ulbricht<\/td>\n<td>University of Southampton<\/td>\n<\/tr>\n<tr>\n<td>13-15 November 2012<\/td>\n<td>Davide Rossini<\/td>\n<td>Scuola Normale Superiore Pisa<\/td>\n<\/tr>\n<tr>\n<td>11-13 October 2012<\/td>\n<td>G. Massimo Palma<\/td>\n<td>Universita&#8217; degli studi di Palermo<\/td>\n<\/tr>\n<tr>\n<td>8-9 October 2012<\/td>\n<td>Brian Gerardot<\/td>\n<td>Heriot-Watt University<\/td>\n<\/tr>\n<tr>\n<td>2-5 October 2012<\/td>\n<td>Nicola Lo Gullo<\/td>\n<td>University College Cork<\/td>\n<\/tr>\n<tr>\n<td>17-22 September 2012<\/td>\n<td>Salvatore Lorenzo<\/td>\n<td>Universita&#8217; della Calabria<\/td>\n<\/tr>\n<tr>\n<td>28 August-17 October 2012<\/td>\n<td>Giacomo Torlai<\/td>\n<td>Ludwig Maximilians University<\/td>\n<\/tr>\n<tr>\n<td>25 August 2012-25 February 2013<\/td>\n<td>Fazal Badshah<\/td>\n<td>PIEAS Islamabad<\/td>\n<\/tr>\n<tr>\n<td>15-31 August 2012<\/td>\n<td>Carol Addis<\/td>\n<td>Heriot-Watt University<\/td>\n<\/tr>\n<tr>\n<td>27-28 June 2012<\/td>\n<td>Jacob Sherson<\/td>\n<td>University of Aarhus<\/td>\n<\/tr>\n<tr>\n<td>21 June-30 September 2012<\/td>\n<td>Lorenzo Fusco<\/td>\n<td>Universita&#8217; degli Studi di Palermo<\/td>\n<\/tr>\n<tr>\n<td>8-10 May 2012<\/td>\n<td>Marco Genoni<\/td>\n<td>Imperial College London<\/td>\n<\/tr>\n<tr>\n<td>4 May 2012<\/td>\n<td>Joy Allen<\/td>\n<td>University of Newcastle<\/td>\n<\/tr>\n<tr>\n<td>25 April-2 May 2012<\/td>\n<td>Margherita Zuppardo<\/td>\n<td>Universita&#8217; degli Studi di Palermo<\/td>\n<\/tr>\n<tr>\n<td>25-26 April 2012<\/td>\n<td>Carlos Lobo<\/td>\n<td>University of Southampton<\/td>\n<\/tr>\n<tr>\n<td>12-30 April 2012<\/td>\n<td>Petr Marek<\/td>\n<td>Palacky University<\/td>\n<\/tr>\n<tr>\n<td>10-13 April 2012<\/td>\n<td>Francesco Bariani<\/td>\n<td>Georgia Tech University<\/td>\n<\/tr>\n<tr>\n<td>21-24 March 2012<\/td>\n<td>Gianluca Giorgi<\/td>\n<td>University College Cork<\/td>\n<\/tr>\n<tr>\n<td>19-20 March 2012<\/td>\n<td>Alessandro Ferraro<\/td>\n<td>University College of London<\/td>\n<\/tr>\n<tr>\n<td>13 February 2012<\/td>\n<td>Marco Barbieri<\/td>\n<td>University of Oxford<\/td>\n<\/tr>\n<tr>\n<td>30 January &#8211; 3 February 2012<\/td>\n<td>John Goold<\/td>\n<td>University of Oxford<\/td>\n<\/tr>\n<tr>\n<td>30 January &#8211; 3 February 2012<\/td>\n<td>Ross Dorner<\/td>\n<td>University of Oxford<\/td>\n<\/tr>\n<tr>\n<td>30 January &#8211; 1 February 2012<\/td>\n<td>Alessandro Ferraro<\/td>\n<td>University College of London<\/td>\n<\/tr>\n<tr>\n<td>16-29 January 2012<\/td>\n<td>Nicola Lo Gullo<\/td>\n<td>University College Cork<\/td>\n<\/tr>\n<\/thead>\n<\/table>\n","protected":false},"excerpt":{"rendered":"<p>When Name Institution 6-10 February 2023 Mario A. Ciampini University of Vienna 6-10 February 2023 Paul Juschitz University of Vienna 24-26 October 2022 Luigi Amico Quantum Research Center, Abu Dhabi 17-28 October 2022 Alberto Imparato Aarhus University, Denmark 15 June &#8211; 8 July 2022 Dario Chisholm University of Palermo 23 March &#8211; 1 April&nbsp; 2022 [&hellip;]<\/p>\n","protected":false},"author":1556,"featured_media":0,"parent":0,"menu_order":1,"comment_status":"closed","ping_status":"closed","template":"","meta":{"footnotes":""},"class_list":["post-35","page","type-page","status-publish","hentry"],"_links":{"self":[{"href":"https:\/\/blogs.qub.ac.uk\/qteq\/wp-json\/wp\/v2\/pages\/35","targetHints":{"allow":["GET"]}}],"collection":[{"href":"https:\/\/blogs.qub.ac.uk\/qteq\/wp-json\/wp\/v2\/pages"}],"about":[{"href":"https:\/\/blogs.qub.ac.uk\/qteq\/wp-json\/wp\/v2\/types\/page"}],"author":[{"embeddable":true,"href":"https:\/\/blogs.qub.ac.uk\/qteq\/wp-json\/wp\/v2\/users\/1556"}],"replies":[{"embeddable":true,"href":"https:\/\/blogs.qub.ac.uk\/qteq\/wp-json\/wp\/v2\/comments?post=35"}],"version-history":[{"count":0,"href":"https:\/\/blogs.qub.ac.uk\/qteq\/wp-json\/wp\/v2\/pages\/35\/revisions"}],"wp:attachment":[{"href":"https:\/\/blogs.qub.ac.uk\/qteq\/wp-json\/wp\/v2\/media?parent=35"}],"curies":[{"name":"wp","href":"https:\/\/api.w.org\/{rel}","templated":true}]}}