{"id":33,"date":"2012-02-08T19:22:00","date_gmt":"2012-02-08T18:22:00","guid":{"rendered":"http:\/\/web.am.qub.ac.uk\/wp\/qo\/"},"modified":"2024-06-11T22:04:05","modified_gmt":"2024-06-11T21:04:05","slug":"former-members","status":"publish","type":"page","link":"https:\/\/blogs.qub.ac.uk\/qteq\/former-members\/","title":{"rendered":"Former members (and where they are now)"},"content":{"rendered":"<ul>\n<li>Dr. Obinna Abah (University of Newcastle, UK)<\/li>\n<li>Ms. Carol Addis<\/li>\n<li>Mr. Francesco Albarelli (Universita&#8217; degli Studi di Milano, Italy)<\/li>\n<li>Mr. Daniel Andreasen (Universitat Aarhus, Denmark)<\/li>\n<li>Mr. Fazal Badshah (Huazhong University of Science and Technology Wuhan, China)<\/li>\n<li>Dr. Daniel Berman<\/li>\n<li>Ms. Jemma Borland (PGCE, Queen&#8217;s University Belfast, UK)<\/li>\n<li>Dr. Matteo Brunelli (University of Basel, Switzerland)<\/li>\n<li>Dr. Matteo Carlesso (University of Trieste, Italy)<\/li>\n<li>Dr. Andrew Carlisle (Citigroup, UK)<\/li>\n<li>Dr. Christine\u00a0Cartwright<\/li>\n<li>Dr. Gareth Cochrane (Royal Bank of Scotland, UK)<\/li>\n<li>Mr. James Cormican<\/li>\n<li>Mr. Aaron Dees<\/li>\n<li>Dr. Carlo Di Franco <\/li>\n<li>Dr. Pietro Di Stefano<\/li>\n<li>Mr. Thomas Friel<\/li>\n<li>Dr. Lorenzo Fusco<\/li>\n<li>Dr. Andr\u00e9 Gro\u00dfardt (Friedrich-Schiller-Universit\u00e4t Jena, Germany)<\/li>\n<li>Dr. Kenza Hammam (University of Edinburgh, UK)<\/li>\n<li>Dr. Adam Hewgill<\/li>\n<li>Dr. Oussama Houhou (Medea University, Algeria)<\/li>\n<li>Dr. Luca Innocenti (University of Palermo, Italy)<\/li>\n<li>Dr. Elinor Irish (University of Southampton, UK)<\/li>\n<li>Prof. Hyunseok Jeong (Seoul National University, Seoul, South Korea)<\/li>\n<li>Prof. M. S. Kim (Imperial College London, UK)<\/li>\n<li>Mr. Korbinian Kottman (Xanadu)<\/li>\n<li>Dr. Heather Leitch (Royal Holloway London, UK)<\/li>\n<li>Ms. Rosaria Lena (University of Strathclyde, UK)<\/li>\n<li>Dr. Jie Li (Zhejiang University, China)<\/li>\n<li>Dr. Nicola Lo Gullo (University of Calabria, Italy)<\/li>\n<li>Mr. Josh Lockhart (University College London, UK)<\/li>\n<li>Dr. Helena Majury<\/li>\n<li>Dr. Luca Mancino<\/li>\n<li>Dr. Marta Marchese (University of Siegen, Germany)<\/li>\n<li>Dr. Laura Mazzola<\/li>\n<li>Dr. Kenneth McAlpine<\/li>\n<li>Dr. Ruari McCloskey<\/li>\n<li>Mr. Conor McConnell (University of Manchester)<\/li>\n<li>Dr. Gerard McKeown<\/li>\n<li>Dr. Dermot McPeake (CitiGroup, UK)<\/li>\n<li>Dr. Petr Marek (Palacky University, Olomouc, Czech Republic)<\/li>\n<li>Dr. Darren Moore (Palacky University, Olomouc, Czech Republic)<\/li>\n<li>Dr. Maria Moreno-Cardoner (University of Barcelona, Spain)<\/li>\n<li>Mr. Rian Morgan (Queen&#8217;s University Belfast, UK)<\/li>\n<li>Dr. Domhnall Murphy<\/li>\n<li>Mr. Tom Murray<\/li>\n<li>Dr. Jader Pereira dos Santos (University of Sao Paulo, Brazil)<\/li>\n<li>Dr. Matthew Power (CitiGroup, UK)<\/li>\n<li>Dr. Ricardo Puebla (IFF-CSIC Madrid, Spain)<\/li>\n<li>Mr. Niall Quinn<\/li>\n<li>Mr. Niklas Rach (University of Ulm, Germany)<\/li>\n<li>Dr. Brendan Reid (Riverlane, Cambridge, UK)<\/li>\n<li>Dr. Ben Rogers (Riverlane, Cambridge, UK)<\/li>\n<li>Dr. Lauren Rutherford<\/li>\n<li>Dr. Wonmin Son (Sogang University, Seoul, South Korea)<\/li>\n<li>Dr. Sean Springer (Belfast Royal Academy, UK)<\/li>\n<li>Ms. Rachel Sutton<\/li>\n<li>Dr. Mark Tame (University of Stellenbosch, South Africa)<\/li>\n<li>Mr. Giacomo Torlai (AWS Center for Quantum Computing, Pasadena, USA)<\/li>\n<li>Mr. Louis Villa (University of Lyon, France)<\/li>\n<li>Ms. Aileen Ward<\/li>\n<li>Dr. Derek Wilson (European Bioinformatics Institute)<\/li>\n<li>Mr. Ryan Wilson<\/li>\n<li>Dr. Andre&#8217; Xuereb (University of Malta, Malta)<\/li>\n<li>Dr. Margherita Zuppardo<\/li>\n<\/ul>\n","protected":false},"excerpt":{"rendered":"<p>Dr. Obinna Abah (University of Newcastle, UK) Ms. Carol Addis Mr. Francesco Albarelli (Universita&#8217; degli Studi di Milano, Italy) Mr. Daniel Andreasen (Universitat Aarhus, Denmark) Mr. Fazal Badshah (Huazhong University of Science and Technology Wuhan, China) Dr. Daniel Berman Ms. Jemma Borland (PGCE, Queen&#8217;s University Belfast, UK) Dr. Matteo Brunelli (University of Basel, Switzerland) Dr. [&hellip;]<\/p>\n","protected":false},"author":1556,"featured_media":0,"parent":0,"menu_order":0,"comment_status":"closed","ping_status":"closed","template":"sidebar-page.php","meta":{"footnotes":""},"class_list":["post-33","page","type-page","status-publish","hentry"],"_links":{"self":[{"href":"https:\/\/blogs.qub.ac.uk\/qteq\/wp-json\/wp\/v2\/pages\/33","targetHints":{"allow":["GET"]}}],"collection":[{"href":"https:\/\/blogs.qub.ac.uk\/qteq\/wp-json\/wp\/v2\/pages"}],"about":[{"href":"https:\/\/blogs.qub.ac.uk\/qteq\/wp-json\/wp\/v2\/types\/page"}],"author":[{"embeddable":true,"href":"https:\/\/blogs.qub.ac.uk\/qteq\/wp-json\/wp\/v2\/users\/1556"}],"replies":[{"embeddable":true,"href":"https:\/\/blogs.qub.ac.uk\/qteq\/wp-json\/wp\/v2\/comments?post=33"}],"version-history":[{"count":2,"href":"https:\/\/blogs.qub.ac.uk\/qteq\/wp-json\/wp\/v2\/pages\/33\/revisions"}],"predecessor-version":[{"id":6673,"href":"https:\/\/blogs.qub.ac.uk\/qteq\/wp-json\/wp\/v2\/pages\/33\/revisions\/6673"}],"wp:attachment":[{"href":"https:\/\/blogs.qub.ac.uk\/qteq\/wp-json\/wp\/v2\/media?parent=33"}],"curies":[{"name":"wp","href":"https:\/\/api.w.org\/{rel}","templated":true}]}}