{"id":29,"date":"2012-02-08T19:10:18","date_gmt":"2012-02-08T18:10:18","guid":{"rendered":"http:\/\/web.am.qub.ac.uk\/wp\/qo\/"},"modified":"2012-02-08T19:10:18","modified_gmt":"2012-02-08T18:10:18","slug":"publications","status":"publish","type":"page","link":"https:\/\/blogs.qub.ac.uk\/qteq\/publications\/","title":{"rendered":"Publications"},"content":{"rendered":"\n<h2 class=\"wp-block-heading\">2023<\/h2>\n\n\n\n<p id=\"block-79d64650-3cb9-4622-ab9a-2fcca6750b34\"><strong>4. Potential and limitations of quantum extreme learning machines<\/strong><\/p>\n\n\n\n<p>L. Innocenti, S. Lorenzo, I. Palmisano, A. Ferraro, M. Paternostro, and G.M. Palma<\/p>\n\n\n\n<p><em><em><em>Communications Physics<\/em>\u00a0<strong>6<\/strong>,\u00a0118<\/em><\/em> (2023)<\/p>\n\n\n\n<p>doi: <a href=\"https:\/\/doi.org\/10.1038\/s42005-023-01233-w\">10.1038\/s42005-023-01233-w<\/a><\/p>\n\n\n\n<hr class=\"wp-block-separator\" \/>\n\n\n\n<p id=\"block-79d64650-3cb9-4622-ab9a-2fcca6750b34\"><strong>3. Quantifying protocol efficiency: A thermodynamic figure of merit for classical and quantum state-transfer protocols<\/strong><\/p>\n\n\n\n<p>Q. Wu, M.A. Ciampini, M. Paternostro, and M. Carlesso<\/p>\n\n\n\n<p><em><em><em>Physical Review Research<\/em>&nbsp;<strong>5<\/strong>,&nbsp;023117<\/em><\/em> (2023)<\/p>\n\n\n\n<p>doi:&nbsp;<a href=\"https:\/\/journals.aps.org\/prresearch\/abstract\/10.1103\/PhysRevResearch.5.023117\">PhysRevResearch.5.023117<\/a><\/p>\n\n\n\n<hr class=\"wp-block-separator\" \/>\n\n\n\n<p id=\"block-79d64650-3cb9-4622-ab9a-2fcca6750b34\"><strong>2. On the role of initial coherence in the spin phase-space entropy production rate<\/strong><\/p>\n\n\n\n<p>G. Zicari, B. \u00c7akmak, O. E. M\u00fcstecapl\u0131o\u011flu, and M. Paternostro<\/p>\n\n\n\n<p><em><em><em>New Journal of Physics<\/em>&nbsp;<strong>25<\/strong>,&nbsp;013030<\/em><\/em> (2023)<\/p>\n\n\n\n<p>doi:&nbsp;<a href=\"https:\/\/iopscience.iop.org\/article\/10.1088\/1367-2630\/acb45b\/meta\">10.1088\/1367-2630\/acb45b\/meta<\/a><\/p>\n\n\n\n<hr class=\"wp-block-separator\" \/>\n\n\n\n<p id=\"block-79d64650-3cb9-4622-ab9a-2fcca6750b34\"><strong>1. Optimal quantum control via genetic algorithms for quantum state engineering in driven-resonator mediated networks<\/strong><\/p>\n\n\n\n<p>J. Brown, M. Paternostro, and A. Ferraro<\/p>\n\n\n\n<p><em><em>Quantum Science and Technology<\/em>&nbsp;<strong>8,<\/strong>&nbsp;025004<\/em> (2023)<\/p>\n\n\n\n<p>doi:&nbsp;<strong><a href=\"https:\/\/doi.org\/10.1103\/PRXQuantum.3.010303\">10.1088\/2058-9565\/acb2f2\/meta<\/a><\/strong><\/p>\n","protected":false},"excerpt":{"rendered":"<p>2023 4. Potential and limitations of quantum extreme learning machines L. Innocenti, S. Lorenzo, I. Palmisano, A. Ferraro, M. Paternostro, and G.M. Palma Communications Physics\u00a06,\u00a0118 (2023) doi: 10.1038\/s42005-023-01233-w 3. Quantifying protocol efficiency: A thermodynamic figure of merit for classical and quantum state-transfer protocols Q. Wu, M.A. Ciampini, M. Paternostro, and M. Carlesso Physical Review Research&nbsp;5,&nbsp;023117 [&hellip;]<\/p>\n","protected":false},"author":1556,"featured_media":0,"parent":0,"menu_order":0,"comment_status":"closed","ping_status":"closed","template":"sidebar-page.php","meta":{"footnotes":""},"class_list":["post-29","page","type-page","status-publish","hentry"],"_links":{"self":[{"href":"https:\/\/blogs.qub.ac.uk\/qteq\/wp-json\/wp\/v2\/pages\/29","targetHints":{"allow":["GET"]}}],"collection":[{"href":"https:\/\/blogs.qub.ac.uk\/qteq\/wp-json\/wp\/v2\/pages"}],"about":[{"href":"https:\/\/blogs.qub.ac.uk\/qteq\/wp-json\/wp\/v2\/types\/page"}],"author":[{"embeddable":true,"href":"https:\/\/blogs.qub.ac.uk\/qteq\/wp-json\/wp\/v2\/users\/1556"}],"replies":[{"embeddable":true,"href":"https:\/\/blogs.qub.ac.uk\/qteq\/wp-json\/wp\/v2\/comments?post=29"}],"version-history":[{"count":0,"href":"https:\/\/blogs.qub.ac.uk\/qteq\/wp-json\/wp\/v2\/pages\/29\/revisions"}],"wp:attachment":[{"href":"https:\/\/blogs.qub.ac.uk\/qteq\/wp-json\/wp\/v2\/media?parent=29"}],"curies":[{"name":"wp","href":"https:\/\/api.w.org\/{rel}","templated":true}]}}