{"id":3956,"date":"2023-12-14T15:07:48","date_gmt":"2023-12-14T15:07:48","guid":{"rendered":"https:\/\/blogs.qub.ac.uk\/mandarinchinese\/?page_id=3956"},"modified":"2024-11-17T13:24:11","modified_gmt":"2024-11-17T13:24:11","slug":"ccp2024","status":"publish","type":"page","link":"https:\/\/blogs.qub.ac.uk\/mandarinchinese\/chinese\/ccp\/ccp2024\/","title":{"rendered":"Chinese Culture Programme 2024"},"content":{"rendered":"\n<h2 class=\"wp-block-heading\">Year of The Dragon \u2013 2024 Chinese New Year Programme<\/h2>\n\n\n\n<div class=\"wp-block-media-text alignwide is-stacked-on-mobile is-vertically-aligned-center\" style=\"grid-template-columns:41% auto\"><figure class=\"wp-block-media-text__media\"><img loading=\"lazy\" decoding=\"async\" width=\"1024\" height=\"684\" src=\"https:\/\/blogs.qub.ac.uk\/mandarinchinese\/wp-content\/uploads\/sites\/11\/2023\/12\/CNY2020-Launch-6-1024x684.jpg\" alt=\"\" class=\"wp-image-3957 size-full\" srcset=\"https:\/\/blogs.qub.ac.uk\/mandarinchinese\/wp-content\/uploads\/sites\/11\/2023\/12\/CNY2020-Launch-6-1024x684.jpg 1024w, https:\/\/blogs.qub.ac.uk\/mandarinchinese\/wp-content\/uploads\/sites\/11\/2023\/12\/CNY2020-Launch-6-300x200.jpg 300w, https:\/\/blogs.qub.ac.uk\/mandarinchinese\/wp-content\/uploads\/sites\/11\/2023\/12\/CNY2020-Launch-6-768x513.jpg 768w, https:\/\/blogs.qub.ac.uk\/mandarinchinese\/wp-content\/uploads\/sites\/11\/2023\/12\/CNY2020-Launch-6-1536x1026.jpg 1536w, https:\/\/blogs.qub.ac.uk\/mandarinchinese\/wp-content\/uploads\/sites\/11\/2023\/12\/CNY2020-Launch-6-2048x1368.jpg 2048w, https:\/\/blogs.qub.ac.uk\/mandarinchinese\/wp-content\/uploads\/sites\/11\/2023\/12\/CNY2020-Launch-6-449x300.jpg 449w\" sizes=\"auto, (max-width: 1024px) 100vw, 1024px\" \/><\/figure><div class=\"wp-block-media-text__content\">\n<p>Falling on Saturday 10th February 2024, the Chinese New Year, Year of the Dragon, will arrive to succeed Rabbit for the start of the new year in the lunar calendar. Queen&#8217;s University Belfast would like to take this opportunity to invite all our students, staff members, as well as members of the public, to join in our events and send our best wishes to all those who celebrate \u2014<\/p>\n<\/div><\/div>\n\n\n\n<p><strong>Happy and Healthy Year of The Dragon!<\/strong><br><strong>\u9f99\u5e74\u5feb\u4e50\u3001\u5b89\u5eb7&nbsp;<\/strong>(<em>L\u00f3ngni\u00e1n ku\u00e0il\u00e8 \u0101nk\u0101ng<\/em>)<strong>!<\/strong><\/p>\n\n\n\n<p><\/p>\n\n\n\n<h2 class=\"wp-block-heading\">January 2024<\/h2>\n\n\n\n<figure class=\"wp-block-table\"><table><tbody><tr><td><strong>From<\/strong><\/td><td><strong>To<\/strong>*<\/td><td><strong>Event<\/strong><\/td><td><strong>Output<\/strong><\/td><\/tr><tr><td>Mon 08\/01<\/td><td>Sun 04\/02<\/td><td><a href=\"https:\/\/blogs.qub.ac.uk\/mandarinchinese\/2024\/01\/08\/drawing-the-dragon\/\" data-type=\"URL\" data-id=\"https:\/\/blogs.qub.ac.uk\/mandarinchinese\/2024\/01\/08\/drawing-the-dragon\/\">Drawing Competition &#8211; Year of The Dragon<\/a><\/td><td><a href=\"https:\/\/blogs.qub.ac.uk\/mandarinchinese\/chinese\/ccp\/ccp2024\/drawing-competition-exhibition\/\" data-type=\"URL\" data-id=\"https:\/\/blogs.qub.ac.uk\/mandarinchinese\/chinese\/ccp\/ccp2024\/drawing-competition-exhibition\/\">Exhibition<\/a><\/td><\/tr><tr><td>Tue 09\/01<\/td><td>Sun 04\/02<\/td><td><a href=\"https:\/\/forms.office.com\/e\/jV6DZYQqMe\" data-type=\"URL\" data-id=\"https:\/\/forms.office.com\/e\/jV6DZYQqMe\" target=\"_blank\" rel=\"noreferrer noopener\">ArtEast Online Exhibition &#8211; Call for Contribution<\/a> (ArtEast member only)<\/td><td><a href=\"https:\/\/blogs.qub.ac.uk\/mandarinchinese\/chinese\/ccp\/ccp2024\/arteast-exhibition\/\" data-type=\"URL\" data-id=\"https:\/\/blogs.qub.ac.uk\/mandarinchinese\/chinese\/ccp\/ccp2024\/arteast-exhibition\/\">Exhibition<\/a><\/td><\/tr><tr><td>Wed<br>10\/01<\/td><td>Sun<br>04\/02<\/td><td><a href=\"https:\/\/forms.office.com\/e\/Us8pL272r5\" data-type=\"URL\" data-id=\"https:\/\/forms.office.com\/e\/Us8pL272r5\" target=\"_blank\" rel=\"noreferrer noopener\">Chinese Artefacts at Queen&#8217;s &#8211; Call for Contribution<\/a> (QUB students and staff members only)<\/td><td><a href=\"https:\/\/blogs.qub.ac.uk\/mandarinchinese\/chinese\/ccp\/ccp2024\/chinese-artefacts-at-queens\/\" data-type=\"URL\" data-id=\"https:\/\/blogs.qub.ac.uk\/mandarinchinese\/chinese\/ccp\/ccp2024\/chinese-artefacts-at-queens\/\">Exhibition<\/a><\/td><\/tr><\/tbody><\/table><figcaption class=\"wp-element-caption\">* <em>This duration indicates the &#8216;Call for Contribution&#8217; period only. The output will be shared after the closing date and made available for viewing.<\/em><\/figcaption><\/figure>\n\n\n\n<h2 class=\"wp-block-heading\" id=\"january-february\">February 2024<\/h2>\n\n\n\n<figure class=\"wp-block-table\"><table><tbody><tr><td><strong>Date<\/strong><\/td><td><strong>Time<\/strong><\/td><td><strong>Event<\/strong><\/td><td><strong>Registration<\/strong><\/td><\/tr><tr><td>Fri <br>02\/02<\/td><td>13:00-17:00<\/td><td><a href=\"https:\/\/www.qub.ac.uk\/sites\/my-queens\/pre-semester-engagement\/DrawingtheDragonCompetition.html\" data-type=\"URL\" data-id=\"https:\/\/www.qub.ac.uk\/sites\/my-queens\/pre-semester-engagement\/DrawingtheDragonCompetition.html\" target=\"_blank\" rel=\"noreferrer noopener\">Drawing The Dragon Workshop<\/a> (Cube, One Elmwood)<\/td><td>Not required<br><a href=\"https:\/\/blogs.qub.ac.uk\/mandarinchinese\/chinese\/ccp\/ccp2024\/drawing-competition-exhibition\/\">Exhibition<\/a><\/td><\/tr><tr><td>Sat<br>03\/02<\/td><td>19:00-22:00<\/td><td><a href=\"https:\/\/blogs.qub.ac.uk\/mandarinchinese\/chinese\/ccp\/ccp2024\/cny-gala\/\" data-type=\"URL\" data-id=\"https:\/\/blogs.qub.ac.uk\/mandarinchinese\/chinese\/ccp\/ccp2024\/cny-gala\/\" target=\"_blank\" rel=\"noreferrer noopener\">Spring Festival Gala<\/a>&nbsp;(Mandela Hall, One Elmwood)<\/td><td>Closed<\/td><\/tr><tr><td>Mon 05\/02<\/td><td>15:00-16:30<\/td><td><a href=\"https:\/\/blogs.qub.ac.uk\/mandarinchinese\/chinese\/ccp\/ccp2024\/bhatt-wang\/\" data-type=\"URL\" data-id=\"https:\/\/blogs.qub.ac.uk\/mandarinchinese\/chinese\/ccp\/ccp2024\/bhatt-wang\/\">Chinese Muslim Heritage Literacy: Reflections on a Recent Research Report<\/a> (Auditorium, McClay Library)<\/td><td>Closed<\/td><\/tr><tr><td>Wed 07\/02<\/td><td>14:00-17:00<\/td><td><a href=\"https:\/\/blogs.qub.ac.uk\/mandarinchinese\/chinese\/ccp\/ccp2024\/festival-of-cny\/\" data-type=\"URL\" data-id=\"https:\/\/blogs.qub.ac.uk\/mandarinchinese\/chinese\/ccp\/ccp2024\/festival-of-cny\/\">Festival of Chinese New Year<\/a> (Postgraduates only, Social Space, Graduate School)<\/td><td>Closed<\/td><\/tr><tr><td>Thu<br>08\/02<\/td><td>12:00-14:00<\/td><td><a href=\"https:\/\/blogs.qub.ac.uk\/mandarinchinese\/chinese\/ccp\/ccp2024\/launch-day\/\" data-type=\"URL\" data-id=\"https:\/\/blogs.qub.ac.uk\/mandarinchinese\/chinese\/ccp\/ccp2024\/launch-day\/\">QUB CNY Launch Event<\/a> (Blue Sky Room, One Elmwood)<\/td><td>Closed<\/td><\/tr><tr><td>Thu 08\/02<\/td><td>14:00-16:30<\/td><td><a href=\"https:\/\/blogs.qub.ac.uk\/mandarinchinese\/chinese\/ccp\/ccp2024\/launch-day\/\" data-type=\"URL\" data-id=\"https:\/\/blogs.qub.ac.uk\/mandarinchinese\/chinese\/ccp\/ccp2024\/launch-day\/\">CNY Interactive Fair<\/a> (GF foyer area, One Elmwood)<\/td><td>Not required<\/td><\/tr><tr><td>Mon 12\/02<\/td><td>15:00-16:30<\/td><td><a href=\"https:\/\/blogs.qub.ac.uk\/mandarinchinese\/chinese\/ccp\/ccp2024\/film-festival\/\" data-type=\"URL\" data-id=\"https:\/\/blogs.qub.ac.uk\/mandarinchinese\/chinese\/ccp\/ccp2024\/film-festival\/\">Bridging Eastern and Western Cultures through Film: The 2024 Eutopia Arthouse Film Festival Information Session<\/a> (Auditorium, McClay Library)<\/td><td>Closed<\/td><\/tr><tr><td>Wed 14\/02<\/td><td>13:00-14:00<\/td><td><a href=\"https:\/\/blogs.qub.ac.uk\/mandarinchinese\/chinese\/ccp\/ccp2024\/cti-ccf-blumczynski\/\" data-type=\"URL\" data-id=\"https:\/\/blogs.qub.ac.uk\/mandarinchinese\/chinese\/ccp\/ccp2024\/cti-ccf-blumczynski\/\">A Decade of Academic and Cultural Encounters with(in) China<\/a> (Auditorium, McClay Library)<\/td><td>Closed<\/td><\/tr><tr><td>Thu<br>22\/02<\/td><td>13:00-14:00<\/td><td><a href=\"https:\/\/blogs.qub.ac.uk\/mandarinchinese\/chinese\/ccp\/ccp2024\/ccf-mou\/\" data-type=\"link\" data-id=\"https:\/\/blogs.qub.ac.uk\/mandarinchinese\/chinese\/ccp\/ccp2024\/ccf-mou\/\">How to synthesize Mandarin by yourself? \u2013 Phonetics is never a mystery<\/a> (Auditorium, McClay Library)<\/td><td>Closed<\/td><\/tr><tr><td>Sat<br>24\/02<\/td><td>12:00-15:00<\/td><td><a href=\"https:\/\/blogs.qub.ac.uk\/mandarinchinese\/chinese\/ccp\/ccp2024\/fun-tt-qub\/\" data-type=\"URL\" data-id=\"https:\/\/blogs.qub.ac.uk\/mandarinchinese\/chinese\/ccp\/ccp2024\/fun-tt-qub\/\">Fun Time with Table Tennis at Queen\u2019s<\/a>&nbsp;(with Ormeau Table Tennis Club, QUB PEC)<\/td><td>Closed<\/td><\/tr><\/tbody><\/table><figcaption class=\"wp-element-caption\"><strong>Acknowledgement<\/strong><br><em>This is the special programme for the CNY celebration period, subject to changes.<br>More culture talks and workshops can be found below. We welcome proposals from a wide range of subjects with an interest in China-related themes and topics.<br><br>We would like to thank all the teams, colleagues and students, contributors and performers, as well as helpers, for their dedicated work and endeavours, without which the programme would have not been so engaging and entertaining. We also want to extend our thanks to QUB Annual Fund 2024 for their support to fund us with our activities open towards a wider community.<\/em><\/figcaption><\/figure>\n\n\n\n<figure class=\"wp-block-image size-full\"><img loading=\"lazy\" decoding=\"async\" width=\"955\" height=\"235\" src=\"https:\/\/blogs.qub.ac.uk\/mandarinchinese\/wp-content\/uploads\/sites\/11\/2024\/01\/Logo-QUB-ANFUND-red-landscape.png\" alt=\"\" class=\"wp-image-4095\" srcset=\"https:\/\/blogs.qub.ac.uk\/mandarinchinese\/wp-content\/uploads\/sites\/11\/2024\/01\/Logo-QUB-ANFUND-red-landscape.png 955w, https:\/\/blogs.qub.ac.uk\/mandarinchinese\/wp-content\/uploads\/sites\/11\/2024\/01\/Logo-QUB-ANFUND-red-landscape-300x74.png 300w, https:\/\/blogs.qub.ac.uk\/mandarinchinese\/wp-content\/uploads\/sites\/11\/2024\/01\/Logo-QUB-ANFUND-red-landscape-768x189.png 768w, https:\/\/blogs.qub.ac.uk\/mandarinchinese\/wp-content\/uploads\/sites\/11\/2024\/01\/Logo-QUB-ANFUND-red-landscape-500x123.png 500w\" sizes=\"auto, (max-width: 955px) 100vw, 955px\" \/><\/figure>\n\n\n\n<h2 class=\"wp-block-heading\">March 2024<\/h2>\n\n\n\n<figure class=\"wp-block-table\"><table><tbody><tr><td><strong>Date<\/strong><\/td><td><strong>Time<\/strong><\/td><td><strong>Event<\/strong><\/td><td><strong>Registration<\/strong><\/td><\/tr><tr><td>13\/03<\/td><td>15:30-17:00<\/td><td><a href=\"https:\/\/blogs.qub.ac.uk\/eutopiafilmfest\/2024\/03\/07\/eaff-cultural-forum-zen-and-visual-culture-open-for-registration\/\" data-type=\"link\" data-id=\"https:\/\/blogs.qub.ac.uk\/eutopiafilmfest\/2024\/03\/07\/eaff-cultural-forum-zen-and-visual-culture-open-for-registration\/\" target=\"_blank\" rel=\"noreferrer noopener\">Zen and Visual Art<\/a><\/td><td>Closed<\/td><\/tr><\/tbody><\/table><\/figure>\n\n\n\n<h2 class=\"wp-block-heading\">April 2024<\/h2>\n\n\n\n<figure class=\"wp-block-table\"><table><tbody><tr><td><strong>Date<\/strong><\/td><td><strong>Time<\/strong><\/td><td><strong>Event<\/strong><\/td><td><strong>Registration<\/strong><\/td><\/tr><tr><td>19\/04<\/td><td>14:00-15:30<\/td><td><a href=\"https:\/\/blogs.qub.ac.uk\/mandarinchinese\/2024\/04\/17\/un-chinese-language-day-forum\/\" data-type=\"link\" data-id=\"https:\/\/blogs.qub.ac.uk\/mandarinchinese\/2024\/04\/17\/un-chinese-language-day-forum\/\" target=\"_blank\" rel=\"noreferrer noopener\">UN Chinese Language Day Forum<\/a><\/td><td>Closed<\/td><\/tr><\/tbody><\/table><\/figure>\n\n\n\n<h2 class=\"wp-block-heading\">May 2024<\/h2>\n\n\n\n<figure class=\"wp-block-table\"><table><tbody><tr><td><strong>Date<\/strong><\/td><td><strong>Time<\/strong><\/td><td><strong>Event<\/strong><\/td><td><strong>Registration<\/strong><\/td><\/tr><tr><td>01-02\/05<\/td><td>16:30-18:30<\/td><td><a href=\"https:\/\/blogs.qub.ac.uk\/eutopiafilmfest\/events\/eaff-cultural-bridge-special-section-screening\/\" data-type=\"link\" data-id=\"https:\/\/blogs.qub.ac.uk\/eutopiafilmfest\/events\/eaff-cultural-bridge-special-section-screening\/\" target=\"_blank\" rel=\"noreferrer noopener\">EAFF Cultural Bridge Special Section Screening<\/a><\/td><td>Closed<\/td><\/tr><tr><td>24\/05<\/td><td>13:00-14:00<\/td><td><a href=\"https:\/\/blogs.qub.ac.uk\/mandarinchinese\/chinese\/ccp\/ccp2024\/ccf-li\/\" data-type=\"link\" data-id=\"https:\/\/blogs.qub.ac.uk\/mandarinchinese\/chinese\/ccp\/ccp2024\/ccf-li\/\" target=\"_blank\" rel=\"noreferrer noopener\">The Journey to My PhD<\/a><\/td><td>Closed<\/td><\/tr><\/tbody><\/table><\/figure>\n\n\n\n<h2 class=\"wp-block-heading\">June 2024<\/h2>\n\n\n\n<figure class=\"wp-block-table\"><table><tbody><tr><td><strong>Date<\/strong><\/td><td><strong>Time<\/strong><\/td><td><strong>Event<\/strong><\/td><td><strong>Registration<\/strong><\/td><\/tr><tr><td>10\/06<\/td><td>11:30-12:30<\/td><td>Dragon Boat Festival &#8211; Special session for School of Psychology students<\/td><td>Closed<\/td><\/tr><tr><td>19\/06<\/td><td>12:00-13:00<\/td><td><a href=\"https:\/\/blogs.qub.ac.uk\/mandarinchinese\/chinese\/ccp\/ccp2024\/ccf-pu\/\" data-type=\"link\" data-id=\"https:\/\/blogs.qub.ac.uk\/mandarinchinese\/chinese\/ccp\/ccp2024\/ccf-pu\/\">How could TCM help you? &#8211; Health perceptions and self-practice guides<\/a><\/td><td>Closed<\/td><\/tr><tr><td>21\/06<\/td><td>13:00-14:00<\/td><td><a href=\"https:\/\/blogs.qub.ac.uk\/mandarinchinese\/chinese\/ccp\/ccp2024\/ccf7-wang\/\">Experiences of studying in the UK \u2014<br>A case study on the RED virtual community of Chinese international students<\/a><\/td><td>Closed<\/td><\/tr><\/tbody><\/table><\/figure>\n\n\n\n<h2 class=\"wp-block-heading\">September 2024<\/h2>\n\n\n\n<figure class=\"wp-block-table\"><table><tbody><tr><td><strong>Date<\/strong><\/td><td><strong>Time<\/strong><\/td><td><strong>Event<\/strong><\/td><td><strong>Output<\/strong><\/td><\/tr><tr><td>08\/09<\/td><td>13:00-<br>15:00<\/td><td><a href=\"https:\/\/www.ulstermuseum.org\/whats-on\/chinese-calligraphy\" data-type=\"link\" data-id=\"https:\/\/www.ulstermuseum.org\/whats-on\/chinese-calligraphy\">Chinese Calligraphy<\/a> (Ulster Museum)<\/td><td><a href=\"https:\/\/blogs.qub.ac.uk\/mandarinchinese\/2024\/09\/27\/chinese-calligraphy-at-the-ulster-museum\/\">Report<\/a><\/td><\/tr><tr><td>12\/09<\/td><td>14:00-<br>16:30<\/td><td><a href=\"https:\/\/blogs.qub.ac.uk\/mandarinchinese\/2024\/08\/29\/mid-autumn-festival-and-welcome-event\/\" data-type=\"link\" data-id=\"https:\/\/blogs.qub.ac.uk\/mandarinchinese\/2024\/08\/29\/mid-autumn-festival-and-welcome-event\/\" target=\"_blank\" rel=\"noreferrer noopener\">Mid-Autumn Festival and Welcome Event<\/a><\/td><td><a href=\"https:\/\/blogs.qub.ac.uk\/mandarinchinese\/chinese\/ccp\/ccp2024\/zhongqiu-and-welcome-2024\/\" target=\"_blank\" rel=\"noreferrer noopener\">Report<\/a><\/td><\/tr><\/tbody><\/table><\/figure>\n\n\n\n<h2 class=\"wp-block-heading\">November 2024<\/h2>\n\n\n\n<figure class=\"wp-block-table\"><table><tbody><tr><td><strong>Date<\/strong><\/td><td><strong>Time<\/strong><\/td><td><strong>Event<\/strong><\/td><td><strong>Output<\/strong><\/td><\/tr><tr><td>14\/11<\/td><td>12:00-<br>14:00<\/td><td><a href=\"https:\/\/blogs.qub.ac.uk\/mandarinchinese\/2024\/11\/09\/translating-wuxia-martial-arts-fiction\/\" data-type=\"link\" data-id=\"https:\/\/blogs.qub.ac.uk\/mandarinchinese\/2024\/11\/09\/translating-wuxia-martial-arts-fiction\/\" target=\"_blank\" rel=\"noreferrer noopener\">Translating Wuxia Martial Arts Fiction<\/a><\/td><td><a href=\"https:\/\/blogs.qub.ac.uk\/mandarinchinese\/chinese\/ccp\/ccp2024\/translation-of-wuxia-fiction\/\" data-type=\"link\" data-id=\"https:\/\/blogs.qub.ac.uk\/mandarinchinese\/chinese\/ccp\/ccp2024\/translation-of-wuxia-fiction\/\" target=\"_blank\" rel=\"noreferrer noopener\">Report<\/a><\/td><\/tr><tr><td><\/td><td><\/td><td><\/td><td><\/td><\/tr><\/tbody><\/table><\/figure>\n\n\n\n<p><\/p>\n","protected":false},"excerpt":{"rendered":"<p>Year of The Dragon \u2013 2024 Chinese New Year Programme Falling on Saturday 10th February 2024, the Chinese New Year, Year of the Dragon, will arrive to succeed Rabbit for the start of the new year in the lunar calendar. &hellip; <a href=\"https:\/\/blogs.qub.ac.uk\/mandarinchinese\/chinese\/ccp\/ccp2024\/\">Continue reading <span class=\"meta-nav\">&rarr;<\/span><\/a><\/p>\n","protected":false},"author":63,"featured_media":0,"parent":585,"menu_order":5,"comment_status":"open","ping_status":"closed","template":"","meta":{"jetpack_post_was_ever_published":false,"footnotes":""},"class_list":["post-3956","page","type-page","status-publish","hentry"],"jetpack_sharing_enabled":true,"jetpack_shortlink":"https:\/\/wp.me\/Pa93ff-11O","jetpack_likes_enabled":true,"_links":{"self":[{"href":"https:\/\/blogs.qub.ac.uk\/mandarinchinese\/wp-json\/wp\/v2\/pages\/3956","targetHints":{"allow":["GET"]}}],"collection":[{"href":"https:\/\/blogs.qub.ac.uk\/mandarinchinese\/wp-json\/wp\/v2\/pages"}],"about":[{"href":"https:\/\/blogs.qub.ac.uk\/mandarinchinese\/wp-json\/wp\/v2\/types\/page"}],"author":[{"embeddable":true,"href":"https:\/\/blogs.qub.ac.uk\/mandarinchinese\/wp-json\/wp\/v2\/users\/63"}],"replies":[{"embeddable":true,"href":"https:\/\/blogs.qub.ac.uk\/mandarinchinese\/wp-json\/wp\/v2\/comments?post=3956"}],"version-history":[{"count":52,"href":"https:\/\/blogs.qub.ac.uk\/mandarinchinese\/wp-json\/wp\/v2\/pages\/3956\/revisions"}],"predecessor-version":[{"id":4824,"href":"https:\/\/blogs.qub.ac.uk\/mandarinchinese\/wp-json\/wp\/v2\/pages\/3956\/revisions\/4824"}],"up":[{"embeddable":true,"href":"https:\/\/blogs.qub.ac.uk\/mandarinchinese\/wp-json\/wp\/v2\/pages\/585"}],"wp:attachment":[{"href":"https:\/\/blogs.qub.ac.uk\/mandarinchinese\/wp-json\/wp\/v2\/media?parent=3956"}],"curies":[{"name":"wp","href":"https:\/\/api.w.org\/{rel}","templated":true}]}}