{"id":2979,"date":"2022-12-07T17:22:49","date_gmt":"2022-12-07T17:22:49","guid":{"rendered":"https:\/\/blogs.qub.ac.uk\/mandarinchinese\/?page_id=2979"},"modified":"2023-09-20T14:59:05","modified_gmt":"2023-09-20T13:59:05","slug":"ccp2023","status":"publish","type":"page","link":"https:\/\/blogs.qub.ac.uk\/mandarinchinese\/chinese\/ccp\/ccp2023\/","title":{"rendered":"Chinese Culture Programme 2023"},"content":{"rendered":"\n<h2 class=\"wp-block-heading\">Year of The Rabbit \u2013 2023 Chinese New Year Programme<\/h2>\n\n\n\n<div class=\"wp-block-media-text alignwide is-stacked-on-mobile is-vertically-aligned-top\" style=\"grid-template-columns:32% auto\"><figure class=\"wp-block-media-text__media\"><img loading=\"lazy\" decoding=\"async\" width=\"777\" height=\"774\" src=\"https:\/\/blogs.qub.ac.uk\/mandarinchinese\/wp-content\/uploads\/sites\/11\/2022\/12\/Year-of-the-Rabbit-Large.png\" alt=\"\" class=\"wp-image-3023 size-full\" srcset=\"https:\/\/blogs.qub.ac.uk\/mandarinchinese\/wp-content\/uploads\/sites\/11\/2022\/12\/Year-of-the-Rabbit-Large.png 777w, https:\/\/blogs.qub.ac.uk\/mandarinchinese\/wp-content\/uploads\/sites\/11\/2022\/12\/Year-of-the-Rabbit-Large-300x300.png 300w, https:\/\/blogs.qub.ac.uk\/mandarinchinese\/wp-content\/uploads\/sites\/11\/2022\/12\/Year-of-the-Rabbit-Large-150x150.png 150w, https:\/\/blogs.qub.ac.uk\/mandarinchinese\/wp-content\/uploads\/sites\/11\/2022\/12\/Year-of-the-Rabbit-Large-768x765.png 768w, https:\/\/blogs.qub.ac.uk\/mandarinchinese\/wp-content\/uploads\/sites\/11\/2022\/12\/Year-of-the-Rabbit-Large-301x300.png 301w\" sizes=\"auto, (max-width: 777px) 100vw, 777px\" \/><\/figure><div class=\"wp-block-media-text__content\">\n<p>This year the Chinese New Year (or Spring Festival \u6625\u8282 in Chinese) falls on Sunday 22nd January 2023, when the transition from Tiger to Rabbit takes place. We, The Language Centre and QUB iRise Staff Network, would like to take this opportunity to invite all our students, staff members, as well as members of the public, to join in our celebrations and send our best wishes to all those who celebrate \u2014<\/p>\n<\/div><\/div>\n\n\n\n<p><strong>Happy and Healthy Year of the Rabbit!<\/strong><br><strong>\u5154\u5e74\u5feb\u4e50\u3001\u5b89\u5eb7&nbsp;<\/strong>(<em>T\u00f9ni\u00e1n ku\u00e0il\u00e8 \u0101nk\u0101ng<\/em>)<strong>!<\/strong><\/p>\n\n\n\n<h2 class=\"wp-block-heading\">Pre-CNY Events<\/h2>\n\n\n\n<figure class=\"wp-block-table is-style-stripes\"><table><tbody><tr><td><strong>From<\/strong><\/td><td><strong>To<\/strong><\/td><td><strong>Event<\/strong><\/td><td><strong>Output<\/strong><\/td><\/tr><tr><td>Fri 09\/12\/22<\/td><td>Fri 13\/01\/23<\/td><td><a href=\"https:\/\/blogs.qub.ac.uk\/mandarinchinese\/2022\/12\/09\/cny2023-drawing-competition\/\" data-type=\"URL\" data-id=\"https:\/\/blogs.qub.ac.uk\/mandarinchinese\/2022\/12\/09\/cny2023-drawing-competition\/\">CNY2023 Drawing Competition<\/a><\/td><td><a href=\"https:\/\/blogs.qub.ac.uk\/mandarinchinese\/chinese\/ccp\/ccp2023\/drawing-competition-exhibition\/\" data-type=\"URL\" data-id=\"https:\/\/blogs.qub.ac.uk\/mandarinchinese\/chinese\/ccp\/ccp2023\/drawing-competition-exhibition\/\" target=\"_blank\" rel=\"noreferrer noopener\">Exhibition<\/a><\/td><\/tr><tr><td>Fri 09\/12\/22<\/td><td>Sun 22\/01\/23<\/td><td><a href=\"https:\/\/blogs.qub.ac.uk\/mandarinchinese\/2022\/12\/09\/discovering-chinese-family-names-and-dialects\/\" data-type=\"URL\" data-id=\"https:\/\/blogs.qub.ac.uk\/mandarinchinese\/2022\/12\/09\/discovering-chinese-family-names-and-dialects\/\">Discovering Chinese Family Names and Dialects<\/a><\/td><td>Report\/Talk<\/td><\/tr><tr><td><\/td><td><\/td><td><\/td><td><\/td><\/tr><\/tbody><\/table><\/figure>\n\n\n\n<h2 class=\"wp-block-heading\" id=\"january-february\">January \u2013 February 2023<\/h2>\n\n\n\n<figure class=\"wp-block-table is-style-stripes\"><table><tbody><tr><td><strong>Date<\/strong><\/td><td><strong>Time<\/strong><\/td><td><strong>Event<\/strong><\/td><td><strong>Registration<\/strong><\/td><\/tr><tr><td>Fri<br>20\/01\/23<\/td><td>13:00-15:30<\/td><td><a href=\"https:\/\/blogs.qub.ac.uk\/mandarinchinese\/2023\/01\/14\/tasting-the-rabbit\/\" data-type=\"URL\" data-id=\"https:\/\/blogs.qub.ac.uk\/mandarinchinese\/2023\/01\/14\/tasting-the-rabbit\/\">Tasting the Rabbit: Chinese cultural demo and display<\/a> (with The Graduate School)<\/td><td>Closed<\/td><\/tr><tr><td>Sun 22\/01\/23<\/td><td>00:00 &#8211; <\/td><td><a href=\"https:\/\/blogs.qub.ac.uk\/mandarinchinese\/chinese\/ccp\/ccp2023\/arteast-exhibition\/\" data-type=\"URL\" data-id=\"https:\/\/blogs.qub.ac.uk\/mandarinchinese\/chinese\/ccp\/ccp2023\/arteast-exhibition\/\" target=\"_blank\" rel=\"noreferrer noopener\">ArtEast Online Exhibition<\/a><\/td><td>Open access<\/td><\/tr><tr><td>Tue 24\/01\/23<\/td><td>12:00-15:30<\/td><td><a href=\"https:\/\/blogs.qub.ac.uk\/mandarinchinese\/chinese\/ccp\/ccp2023\/launch\/\" data-type=\"URL\" data-id=\"https:\/\/blogs.qub.ac.uk\/mandarinchinese\/chinese\/ccp\/ccp2023\/launch\/\">CNY2023 Launch Event at Queen&#8217;s<\/a><br>(McClay Library &#8211; Lanyon &#8211; Junction, MST)<\/td><td>Closed<\/td><\/tr><tr><td>Thu 26\/01\/23<\/td><td>12:00-13:00<\/td><td><a href=\"https:\/\/blogs.qub.ac.uk\/mandarinchinese\/chinese\/ccp\/ccp2023\/ccf2\/\" data-type=\"URL\" data-id=\"https:\/\/blogs.qub.ac.uk\/mandarinchinese\/chinese\/ccp\/ccp2023\/ccf2\/\" target=\"_blank\" rel=\"noreferrer noopener\">Beyond <em>Putonghua<\/em>: The Charm of Chinese Dialects<\/a><br>(Auditorium, McClay Library)<\/td><td>Closed<\/td><\/tr><tr><td>Sun 29\/01\/23<\/td><td>12:00-17:00<\/td><td><a rel=\"noreferrer noopener\" href=\"https:\/\/blogs.qub.ac.uk\/mandarinchinese\/2022\/12\/14\/chinese-brushes-in-belfast-and-beyond\/\" data-type=\"URL\" data-id=\"https:\/\/blogs.qub.ac.uk\/mandarinchinese\/2022\/12\/14\/chinese-brushes-in-belfast-and-beyond\/\" target=\"_blank\">ArtEast Exhibition: Chinese Brushes in Belfast and Beyond<\/a> (Ulster Museum)<\/td><td>Open access<\/td><\/tr><tr><td>Mon<br>30\/01\/23<\/td><td>13:00-14:00<\/td><td><a href=\"https:\/\/blogs.qub.ac.uk\/mandarinchinese\/chinese\/ccp\/ccp2023\/ccf3-rosalindsilvester\/\" data-type=\"URL\" data-id=\"https:\/\/blogs.qub.ac.uk\/mandarinchinese\/chinese\/ccp\/ccp2023\/ccf3-rosalindsilvester\/\" target=\"_blank\" rel=\"noreferrer noopener\">Exploring CHEN Xuefeng&#8217;s Imaginary Garden<\/a><br>(Training Room 2, McClay Library)<\/td><td>Closed<\/td><\/tr><tr><td>Tue<br>31\/01\/23<\/td><td>14:00-15:00<\/td><td><a href=\"https:\/\/blogs.qub.ac.uk\/mandarinchinese\/chinese\/ccp\/ccp2023\/ccf4-lingjiatong\/\" data-type=\"URL\" data-id=\"https:\/\/blogs.qub.ac.uk\/mandarinchinese\/chinese\/ccp\/ccp2023\/ccf4-lingjiatong\/\">Childcare Arrangements and Grandparenting in Chinese Families<\/a> (Auditorium, McClay Library)<\/td><td>Closed<\/td><\/tr><tr><td>Wed<br>01\/02\/23<\/td><td>13:00-14:00<\/td><td><a href=\"https:\/\/blogs.qub.ac.uk\/mandarinchinese\/chinese\/ccp\/ccp2023\/ccf5-zhangzexun\/\" data-type=\"URL\" data-id=\"https:\/\/blogs.qub.ac.uk\/mandarinchinese\/chinese\/ccp\/ccp2023\/ccf5-zhangzexun\/\">Hong Kong Culture in the West Kowloon Cultural District<\/a> (Auditorium, McClay Library)<\/td><td>Closed<\/td><\/tr><tr><td>Thu<br>02\/02\/23<\/td><td>12:00-13:00<\/td><td><a href=\"https:\/\/blogs.qub.ac.uk\/mandarinchinese\/chinese\/ccp\/ccp2023\/ccf6-liyulong\/\" data-type=\"URL\" data-id=\"https:\/\/blogs.qub.ac.uk\/mandarinchinese\/chinese\/ccp\/ccp2023\/ccf6-liyulong\/\">New Year Celebration of An Ethnic Blang Village in China<\/a> (Auditorium, McClay Library)<\/td><td>Closed<\/td><\/tr><tr><td>Sat<br>04\/02\/23<\/td><td>14:00-18:00<\/td><td><a href=\"https:\/\/blogs.qub.ac.uk\/mandarinchinese\/chinese\/ccp\/ccp2023\/fun-time-with-table-tennis-at-queens\/\" data-type=\"URL\" data-id=\"https:\/\/blogs.qub.ac.uk\/mandarinchinese\/chinese\/ccp\/ccp2023\/fun-time-with-table-tennis-at-queens\/\">Fun Time with Table Tennis at Queen&#8217;s<\/a> (with QUB Table Tennis Club, PEC)<\/td><td>Closed<\/td><\/tr><tr><td>Mon<br>06\/02\/23<\/td><td>15:00-16:30<\/td><td><a href=\"https:\/\/blogs.qub.ac.uk\/mandarinchinese\/chinese\/ccp\/ccp2023\/the-charm-of-guzheng\/\" data-type=\"URL\" data-id=\"https:\/\/blogs.qub.ac.uk\/mandarinchinese\/chinese\/ccp\/ccp2023\/the-charm-of-guzheng\/\">The Charm of <em>Guzheng<\/em>: An introductory workshop<\/a><br>(Auditorium, McClay Library)<\/td><td>Closed<\/td><\/tr><tr><td>TBC<\/td><td>TBC<\/td><td><a rel=\"noreferrer noopener\" href=\"https:\/\/blogs.qub.ac.uk\/mandarinchinese\/chinese\/ccp\/ccp2023\/ccf1\/\" data-type=\"URL\" data-id=\"https:\/\/blogs.qub.ac.uk\/mandarinchinese\/chinese\/ccp\/ccp2023\/ccf1\/\" target=\"_blank\"><em>Baijiaxing<\/em>: The Norms of Chinese Family Names<\/a><br>(Auditorium, McClay Library)<\/td><td>Register<\/td><\/tr><tr><td><\/td><td><\/td><td><\/td><td><\/td><\/tr><tr><td><\/td><td><\/td><td><\/td><td><\/td><\/tr><\/tbody><\/table><figcaption>This is the special programme for the CNY celebration period, subject to changes. <br>More culture talks and workshops can be found below. <br>We welcome proposals from a wide range of subjects with an interest in China-related themes and topics.<\/figcaption><\/figure>\n\n\n\n<p><\/p>\n\n\n\n<p><strong>March 2023<\/strong><\/p>\n\n\n\n<figure class=\"wp-block-table is-style-stripes\"><table><tbody><tr><td><strong>Date<\/strong><\/td><td><strong>Time<\/strong><\/td><td><strong>Event<\/strong><\/td><td><strong>Registration<\/strong><\/td><\/tr><tr><td>Wed 15\/03\/23<\/td><td>15:00-16:30<\/td><td><a href=\"https:\/\/blogs.qub.ac.uk\/mandarinchinese\/chinese\/ccp\/ccp2023\/the-charm-of-guzheng\/\" data-type=\"URL\" data-id=\"https:\/\/blogs.qub.ac.uk\/mandarinchinese\/chinese\/ccp\/ccp2023\/the-charm-of-guzheng\/\">The Charm of Guzheng: Interactive Workshop 2<\/a><\/td><td>Closed<\/td><\/tr><\/tbody><\/table><\/figure>\n\n\n\n<p><strong>April 2023<\/strong><\/p>\n\n\n\n<figure class=\"wp-block-table is-style-stripes\"><table><tbody><tr><td><strong>Date<\/strong><\/td><td><strong>Time<\/strong><\/td><td><strong>Event<\/strong><\/td><td><strong>Registration<\/strong><\/td><\/tr><tr><td>Fri 14\/04\/23<\/td><td>13:00-14:00<\/td><td><a href=\"https:\/\/blogs.qub.ac.uk\/mandarinchinese\/chinese\/ccp\/ccp2023\/ccf7-the-titanic-and-the-six\/\" data-type=\"URL\" data-id=\"https:\/\/blogs.qub.ac.uk\/mandarinchinese\/chinese\/ccp\/ccp2023\/ccf7-the-titanic-and-the-six\/\">\u2018The Six\u2019 Chinese survivors of the Titanic: The little known story<\/a><\/td><td>Closed<\/td><\/tr><tr><td>Thu 20\/04\/23<\/td><td>12:00-13:00<\/td><td><a href=\"https:\/\/blogs.qub.ac.uk\/mandarinchinese\/2023\/04\/20\/happy-un-chinese-language-day\/\" data-type=\"URL\" data-id=\"https:\/\/blogs.qub.ac.uk\/mandarinchinese\/2023\/04\/20\/happy-un-chinese-language-day\/\" target=\"_blank\" rel=\"noreferrer noopener\">UN Chinese Language Day Celebration<\/a><\/td><td>N\/A<\/td><\/tr><\/tbody><\/table><\/figure>\n\n\n\n<p><strong>May 2023<\/strong><\/p>\n\n\n\n<figure class=\"wp-block-table is-style-stripes\"><table><tbody><tr><td><strong>Date<\/strong><\/td><td><strong>Time<\/strong><\/td><td><strong>Event<\/strong><\/td><td><strong>Registration<\/strong><\/td><\/tr><tr><td>Sat 06\/05\/23<\/td><td>19:00-21:00<\/td><td><a href=\"https:\/\/blogs.qub.ac.uk\/mandarinchinese\/chinese\/ccp\/ccp2023\/springsongs\/\" data-type=\"URL\" data-id=\"https:\/\/blogs.qub.ac.uk\/mandarinchinese\/chinese\/ccp\/ccp2023\/springsongs\/\" target=\"_blank\" rel=\"noreferrer noopener\">The Songs from Spring &#8211; Singing with Chinese Poetry<\/a><\/td><td>Closed<\/td><\/tr><\/tbody><\/table><\/figure>\n\n\n\n<p><strong>September 2023<\/strong><\/p>\n\n\n\n<figure class=\"wp-block-table is-style-stripes\"><table><tbody><tr><td><strong>Date<\/strong><\/td><td><strong>Time<\/strong><\/td><td><strong>Event<\/strong><\/td><td><strong>Registration<\/strong><\/td><\/tr><tr><td>Fri <br>29\/09\/23<\/td><td>14:00-<br>16:30<\/td><td><a rel=\"noreferrer noopener\" href=\"https:\/\/blogs.qub.ac.uk\/mandarinchinese\/chinese\/ccp\/ccp2023\/ccf8-mid-autumn\/\" data-type=\"URL\" data-id=\"https:\/\/blogs.qub.ac.uk\/mandarinchinese\/chinese\/ccp\/ccp2023\/ccf8-mid-autumn\/\" target=\"_blank\">Mid-Autumn Festival &amp; LC-iRISE Welcome<\/a><\/td><td><a href=\"https:\/\/forms.office.com\/e\/9cdjZyvNhx\" data-type=\"URL\" data-id=\"https:\/\/forms.office.com\/e\/9cdjZyvNhx\" target=\"_blank\" rel=\"noreferrer noopener\">Register<\/a><\/td><\/tr><\/tbody><\/table><\/figure>\n\n\n\n<p><\/p>\n","protected":false},"excerpt":{"rendered":"<p>Year of The Rabbit \u2013 2023 Chinese New Year Programme This year the Chinese New Year (or Spring Festival \u6625\u8282 in Chinese) falls on Sunday 22nd January 2023, when the transition from Tiger to Rabbit takes place. We, The Language &hellip; <a href=\"https:\/\/blogs.qub.ac.uk\/mandarinchinese\/chinese\/ccp\/ccp2023\/\">Continue reading <span class=\"meta-nav\">&rarr;<\/span><\/a><\/p>\n","protected":false},"author":63,"featured_media":0,"parent":585,"menu_order":4,"comment_status":"open","ping_status":"closed","template":"","meta":{"jetpack_post_was_ever_published":false,"footnotes":""},"class_list":["post-2979","page","type-page","status-publish","hentry"],"jetpack_sharing_enabled":true,"jetpack_shortlink":"https:\/\/wp.me\/Pa93ff-M3","jetpack_likes_enabled":true,"_links":{"self":[{"href":"https:\/\/blogs.qub.ac.uk\/mandarinchinese\/wp-json\/wp\/v2\/pages\/2979","targetHints":{"allow":["GET"]}}],"collection":[{"href":"https:\/\/blogs.qub.ac.uk\/mandarinchinese\/wp-json\/wp\/v2\/pages"}],"about":[{"href":"https:\/\/blogs.qub.ac.uk\/mandarinchinese\/wp-json\/wp\/v2\/types\/page"}],"author":[{"embeddable":true,"href":"https:\/\/blogs.qub.ac.uk\/mandarinchinese\/wp-json\/wp\/v2\/users\/63"}],"replies":[{"embeddable":true,"href":"https:\/\/blogs.qub.ac.uk\/mandarinchinese\/wp-json\/wp\/v2\/comments?post=2979"}],"version-history":[{"count":48,"href":"https:\/\/blogs.qub.ac.uk\/mandarinchinese\/wp-json\/wp\/v2\/pages\/2979\/revisions"}],"predecessor-version":[{"id":3858,"href":"https:\/\/blogs.qub.ac.uk\/mandarinchinese\/wp-json\/wp\/v2\/pages\/2979\/revisions\/3858"}],"up":[{"embeddable":true,"href":"https:\/\/blogs.qub.ac.uk\/mandarinchinese\/wp-json\/wp\/v2\/pages\/585"}],"wp:attachment":[{"href":"https:\/\/blogs.qub.ac.uk\/mandarinchinese\/wp-json\/wp\/v2\/media?parent=2979"}],"curies":[{"name":"wp","href":"https:\/\/api.w.org\/{rel}","templated":true}]}}