{"id":2077,"date":"2022-01-27T02:32:42","date_gmt":"2022-01-27T02:32:42","guid":{"rendered":"https:\/\/blogs.qub.ac.uk\/mandarinchinese\/?page_id=2077"},"modified":"2022-03-15T15:50:45","modified_gmt":"2022-03-15T15:50:45","slug":"launch","status":"publish","type":"page","link":"https:\/\/blogs.qub.ac.uk\/mandarinchinese\/chinese\/ccp\/ccp2022\/launch\/","title":{"rendered":"CNY2022 Launch"},"content":{"rendered":"\n<figure class=\"wp-block-image size-large\"><img loading=\"lazy\" decoding=\"async\" width=\"1024\" height=\"576\" src=\"https:\/\/blogs.qub.ac.uk\/mandarinchinese\/wp-content\/uploads\/sites\/11\/2022\/03\/Slide1-1024x576.jpg\" alt=\"\" class=\"wp-image-2324\" srcset=\"https:\/\/blogs.qub.ac.uk\/mandarinchinese\/wp-content\/uploads\/sites\/11\/2022\/03\/Slide1-1024x576.jpg 1024w, https:\/\/blogs.qub.ac.uk\/mandarinchinese\/wp-content\/uploads\/sites\/11\/2022\/03\/Slide1-300x169.jpg 300w, https:\/\/blogs.qub.ac.uk\/mandarinchinese\/wp-content\/uploads\/sites\/11\/2022\/03\/Slide1-768x432.jpg 768w, https:\/\/blogs.qub.ac.uk\/mandarinchinese\/wp-content\/uploads\/sites\/11\/2022\/03\/Slide1-500x281.jpg 500w, https:\/\/blogs.qub.ac.uk\/mandarinchinese\/wp-content\/uploads\/sites\/11\/2022\/03\/Slide1.jpg 1280w\" sizes=\"auto, (max-width: 1024px) 100vw, 1024px\" \/><\/figure>\n\n\n\n<p><\/p>\n\n\n\n<h2 class=\"wp-block-heading\">Opening music and greeting from QUB President and Vice Chancellor <\/h2>\n\n\n\n<figure class=\"wp-block-image size-large\"><img loading=\"lazy\" decoding=\"async\" width=\"1024\" height=\"576\" src=\"https:\/\/blogs.qub.ac.uk\/mandarinchinese\/wp-content\/uploads\/sites\/11\/2022\/03\/Slide2-1024x576.jpg\" alt=\"\" class=\"wp-image-2326\" srcset=\"https:\/\/blogs.qub.ac.uk\/mandarinchinese\/wp-content\/uploads\/sites\/11\/2022\/03\/Slide2-1024x576.jpg 1024w, https:\/\/blogs.qub.ac.uk\/mandarinchinese\/wp-content\/uploads\/sites\/11\/2022\/03\/Slide2-300x169.jpg 300w, https:\/\/blogs.qub.ac.uk\/mandarinchinese\/wp-content\/uploads\/sites\/11\/2022\/03\/Slide2-768x432.jpg 768w, https:\/\/blogs.qub.ac.uk\/mandarinchinese\/wp-content\/uploads\/sites\/11\/2022\/03\/Slide2-500x281.jpg 500w, https:\/\/blogs.qub.ac.uk\/mandarinchinese\/wp-content\/uploads\/sites\/11\/2022\/03\/Slide2.jpg 1280w\" sizes=\"auto, (max-width: 1024px) 100vw, 1024px\" \/><figcaption><strong><em>Click this <a rel=\"noreferrer noopener\" href=\"https:\/\/mediasite.qub.ac.uk\/Mediasite\/Play\/3042509d6e354d93b943b4e70ea31b8c1d\" target=\"_blank\">link<\/a><\/em> <em>to watch the performance<\/em>.<\/strong>.<\/figcaption><\/figure>\n\n\n\n<p>In this opening performance, DENG Wei (\u9093\u7ef4), MA graduate in Arts Management, from QUB is playing a traditional Chinese instrument, the \u53e4\u7b5d or &#8216;guzheng&#8217; whilst QIAO Zexuan (\u4e54\u6cfd\u8f69), PhD candidate in Music at QUB is playing the Small-pipes, together with Thomas Smith playing guitar in the trio. This performance brings Chinese and Celtic musical traditions together to celebrate the arrival of the Spring festival and the Chinese New Year of the Tiger during the first weeks of February, 2022.<\/p>\n\n\n\n<figure class=\"wp-block-image size-large\"><img loading=\"lazy\" decoding=\"async\" width=\"1024\" height=\"576\" src=\"https:\/\/blogs.qub.ac.uk\/mandarinchinese\/wp-content\/uploads\/sites\/11\/2022\/03\/Slide3-1024x576.jpg\" alt=\"\" class=\"wp-image-2327\" srcset=\"https:\/\/blogs.qub.ac.uk\/mandarinchinese\/wp-content\/uploads\/sites\/11\/2022\/03\/Slide3-1024x576.jpg 1024w, https:\/\/blogs.qub.ac.uk\/mandarinchinese\/wp-content\/uploads\/sites\/11\/2022\/03\/Slide3-300x169.jpg 300w, https:\/\/blogs.qub.ac.uk\/mandarinchinese\/wp-content\/uploads\/sites\/11\/2022\/03\/Slide3-768x432.jpg 768w, https:\/\/blogs.qub.ac.uk\/mandarinchinese\/wp-content\/uploads\/sites\/11\/2022\/03\/Slide3-500x281.jpg 500w, https:\/\/blogs.qub.ac.uk\/mandarinchinese\/wp-content\/uploads\/sites\/11\/2022\/03\/Slide3.jpg 1280w\" sizes=\"auto, (max-width: 1024px) 100vw, 1024px\" \/><figcaption><strong><em>Click this&nbsp;<a rel=\"noreferrer noopener\" href=\"https:\/\/mediasite.qub.ac.uk\/Mediasite\/Play\/acc5785a3dc542afb087b51a2f9325b01d\" target=\"_blank\">link<\/a> to watch the VC greeting.<\/em><\/strong><\/figcaption><\/figure>\n\n\n\n<p>In his message, Prof Ian Greer points out that Tiger loves adventure and challenge \u2013 the two characteristics will take you afar here at Queen\u2019s. It\u2019s not that you have to be always the strongest \u2013 life is that using all skills you have and those you\u2019ve learned to take you further.<\/p>\n\n\n\n<p><strong>Welcomes and greetings<\/strong><\/p>\n\n\n\n<div class=\"wp-block-jetpack-slideshow aligncenter\" data-effect=\"slide\"><div class=\"wp-block-jetpack-slideshow_container swiper-container\"><ul class=\"wp-block-jetpack-slideshow_swiper-wrapper swiper-wrapper\"><li class=\"wp-block-jetpack-slideshow_slide swiper-slide\"><figure><img loading=\"lazy\" decoding=\"async\" width=\"1024\" height=\"576\" alt=\"\" class=\"wp-block-jetpack-slideshow_image wp-image-2328\" data-id=\"2328\" src=\"https:\/\/blogs.qub.ac.uk\/mandarinchinese\/wp-content\/uploads\/sites\/11\/2022\/03\/Slide4-1024x576.jpg\" srcset=\"https:\/\/blogs.qub.ac.uk\/mandarinchinese\/wp-content\/uploads\/sites\/11\/2022\/03\/Slide4-1024x576.jpg 1024w, https:\/\/blogs.qub.ac.uk\/mandarinchinese\/wp-content\/uploads\/sites\/11\/2022\/03\/Slide4-300x169.jpg 300w, https:\/\/blogs.qub.ac.uk\/mandarinchinese\/wp-content\/uploads\/sites\/11\/2022\/03\/Slide4-768x432.jpg 768w, https:\/\/blogs.qub.ac.uk\/mandarinchinese\/wp-content\/uploads\/sites\/11\/2022\/03\/Slide4-500x281.jpg 500w, https:\/\/blogs.qub.ac.uk\/mandarinchinese\/wp-content\/uploads\/sites\/11\/2022\/03\/Slide4.jpg 1280w\" sizes=\"(max-width: 1024px) 100vw, 1024px\" \/><\/figure><\/li><li class=\"wp-block-jetpack-slideshow_slide swiper-slide\"><figure><img loading=\"lazy\" decoding=\"async\" width=\"1024\" height=\"576\" alt=\"\" class=\"wp-block-jetpack-slideshow_image wp-image-2329\" data-id=\"2329\" src=\"https:\/\/blogs.qub.ac.uk\/mandarinchinese\/wp-content\/uploads\/sites\/11\/2022\/03\/Slide5-1024x576.jpg\" srcset=\"https:\/\/blogs.qub.ac.uk\/mandarinchinese\/wp-content\/uploads\/sites\/11\/2022\/03\/Slide5-1024x576.jpg 1024w, https:\/\/blogs.qub.ac.uk\/mandarinchinese\/wp-content\/uploads\/sites\/11\/2022\/03\/Slide5-300x169.jpg 300w, https:\/\/blogs.qub.ac.uk\/mandarinchinese\/wp-content\/uploads\/sites\/11\/2022\/03\/Slide5-768x432.jpg 768w, https:\/\/blogs.qub.ac.uk\/mandarinchinese\/wp-content\/uploads\/sites\/11\/2022\/03\/Slide5-500x281.jpg 500w, https:\/\/blogs.qub.ac.uk\/mandarinchinese\/wp-content\/uploads\/sites\/11\/2022\/03\/Slide5.jpg 1280w\" sizes=\"(max-width: 1024px) 100vw, 1024px\" \/><\/figure><\/li><\/ul><a class=\"wp-block-jetpack-slideshow_button-prev swiper-button-prev swiper-button-white\" role=\"button\"><\/a><a class=\"wp-block-jetpack-slideshow_button-next swiper-button-next swiper-button-white\" role=\"button\"><\/a><a aria-label=\"Pause Slideshow\" class=\"wp-block-jetpack-slideshow_button-pause\" role=\"button\"><\/a><div class=\"wp-block-jetpack-slideshow_pagination swiper-pagination swiper-pagination-white\"><\/div><\/div><\/div>\n\n\n\n<p>Welcome remarks were made by Thomas Smith on behalf of the Language Centre and Adone Sarip, co-chair of the Queen&#8217;s BAME&amp;I Staff Network, to highlight the joint efforts to further promote linguistic and cultural diversity, equality and inclusion on Queen&#8217;s multicultural campus and beyond. <\/p>\n\n\n\n<p>Language Centre Mandarin Chinese tutors and students learning Mandarin Chinese at Queen&#8217;s also sent their bilingual CNY greetings and wishes to all. <\/p>\n\n\n\n<p><em>Click <strong><a rel=\"noreferrer noopener\" href=\"https:\/\/mediasite.qub.ac.uk\/Mediasite\/Play\/9d0574f23c9a418891c4727a49cc312a1d\" data-type=\"URL\" data-id=\"https:\/\/mediasite.qub.ac.uk\/Mediasite\/Play\/9d0574f23c9a418891c4727a49cc312a1d\" target=\"_blank\">here <\/a><\/strong>to watch the welcomes and greetings.<\/em><\/p>\n\n\n\n<h2 class=\"wp-block-heading\">ArtEast Exhibition<\/h2>\n\n\n\n<figure class=\"wp-block-image size-large\"><img loading=\"lazy\" decoding=\"async\" width=\"1024\" height=\"576\" src=\"https:\/\/blogs.qub.ac.uk\/mandarinchinese\/wp-content\/uploads\/sites\/11\/2022\/03\/Slide6-1024x576.jpg\" alt=\"\" class=\"wp-image-2330\" srcset=\"https:\/\/blogs.qub.ac.uk\/mandarinchinese\/wp-content\/uploads\/sites\/11\/2022\/03\/Slide6-1024x576.jpg 1024w, https:\/\/blogs.qub.ac.uk\/mandarinchinese\/wp-content\/uploads\/sites\/11\/2022\/03\/Slide6-300x169.jpg 300w, https:\/\/blogs.qub.ac.uk\/mandarinchinese\/wp-content\/uploads\/sites\/11\/2022\/03\/Slide6-768x432.jpg 768w, https:\/\/blogs.qub.ac.uk\/mandarinchinese\/wp-content\/uploads\/sites\/11\/2022\/03\/Slide6-500x281.jpg 500w, https:\/\/blogs.qub.ac.uk\/mandarinchinese\/wp-content\/uploads\/sites\/11\/2022\/03\/Slide6.jpg 1280w\" sizes=\"auto, (max-width: 1024px) 100vw, 1024px\" \/><figcaption><strong>Click <a href=\"https:\/\/blogs.qub.ac.uk\/mandarinchinese\/chinese\/ccp\/ccp2022\/art-exhibition\/\" data-type=\"URL\" data-id=\"https:\/\/blogs.qub.ac.uk\/mandarinchinese\/chinese\/ccp\/ccp2022\/art-exhibition\/\">here <\/a>to access the Exhibition<\/strong><\/figcaption><\/figure>\n\n\n\n<p>It is the second year that the Language Centre collaborates with the ArtEast Club to host this online exhibition, covering a wide range of paintings that reflect the artists\u2019 beliefs in and attitudes towards life and pandemic challenges since its breakout.&nbsp;<\/p>\n\n\n\n<h2 class=\"wp-block-heading\">Guest Talk and scheduled culture talks<\/h2>\n\n\n\n<figure class=\"wp-block-image\"><img loading=\"lazy\" decoding=\"async\" width=\"1024\" height=\"576\" src=\"https:\/\/blogs.qub.ac.uk\/mandarinchinese\/wp-content\/uploads\/sites\/11\/2022\/03\/Slide13-1024x576.jpg\" alt=\"\" class=\"wp-image-2338\" srcset=\"https:\/\/blogs.qub.ac.uk\/mandarinchinese\/wp-content\/uploads\/sites\/11\/2022\/03\/Slide13-1024x576.jpg 1024w, https:\/\/blogs.qub.ac.uk\/mandarinchinese\/wp-content\/uploads\/sites\/11\/2022\/03\/Slide13-300x169.jpg 300w, https:\/\/blogs.qub.ac.uk\/mandarinchinese\/wp-content\/uploads\/sites\/11\/2022\/03\/Slide13-768x432.jpg 768w, https:\/\/blogs.qub.ac.uk\/mandarinchinese\/wp-content\/uploads\/sites\/11\/2022\/03\/Slide13-500x281.jpg 500w, https:\/\/blogs.qub.ac.uk\/mandarinchinese\/wp-content\/uploads\/sites\/11\/2022\/03\/Slide13.jpg 1280w\" sizes=\"auto, (max-width: 1024px) 100vw, 1024px\" \/><figcaption><strong>Click <a rel=\"noreferrer noopener\" href=\"https:\/\/mediasite.qub.ac.uk\/Mediasite\/Play\/86a3a54c02284684bb0c949cccc01e491d\" data-type=\"URL\" data-id=\"https:\/\/mediasite.qub.ac.uk\/Mediasite\/Play\/86a3a54c02284684bb0c949cccc01e491d\" target=\"_blank\">here <\/a>to watch the guest talk<\/strong>.<\/figcaption><\/figure>\n\n\n\n<p>It was a great pleasure to invite our guest speaker, Mr James Brodie, Commercial Director: Industrial Economy from China-Britain Business Council, to share his personal and professional trajectory of learning foreign languages and developing his intercultural competence through encounters.<\/p>\n\n\n\n<div class=\"wp-block-jetpack-slideshow aligncenter\" data-effect=\"slide\"><div class=\"wp-block-jetpack-slideshow_container swiper-container\"><ul class=\"wp-block-jetpack-slideshow_swiper-wrapper swiper-wrapper\"><li class=\"wp-block-jetpack-slideshow_slide swiper-slide\"><figure><img loading=\"lazy\" decoding=\"async\" width=\"1920\" height=\"1080\" alt=\"\" class=\"wp-block-jetpack-slideshow_image wp-image-2346\" data-id=\"2346\" src=\"https:\/\/blogs.qub.ac.uk\/mandarinchinese\/wp-content\/uploads\/sites\/11\/2022\/03\/2022-CCF1-Duffy.jpg\" srcset=\"https:\/\/blogs.qub.ac.uk\/mandarinchinese\/wp-content\/uploads\/sites\/11\/2022\/03\/2022-CCF1-Duffy.jpg 1920w, https:\/\/blogs.qub.ac.uk\/mandarinchinese\/wp-content\/uploads\/sites\/11\/2022\/03\/2022-CCF1-Duffy-300x169.jpg 300w, https:\/\/blogs.qub.ac.uk\/mandarinchinese\/wp-content\/uploads\/sites\/11\/2022\/03\/2022-CCF1-Duffy-1024x576.jpg 1024w, https:\/\/blogs.qub.ac.uk\/mandarinchinese\/wp-content\/uploads\/sites\/11\/2022\/03\/2022-CCF1-Duffy-768x432.jpg 768w, https:\/\/blogs.qub.ac.uk\/mandarinchinese\/wp-content\/uploads\/sites\/11\/2022\/03\/2022-CCF1-Duffy-1536x864.jpg 1536w, https:\/\/blogs.qub.ac.uk\/mandarinchinese\/wp-content\/uploads\/sites\/11\/2022\/03\/2022-CCF1-Duffy-500x281.jpg 500w\" sizes=\"(max-width: 1920px) 100vw, 1920px\" \/><\/figure><\/li><li class=\"wp-block-jetpack-slideshow_slide swiper-slide\"><figure><img loading=\"lazy\" decoding=\"async\" width=\"1920\" height=\"1080\" alt=\"\" class=\"wp-block-jetpack-slideshow_image wp-image-2347\" data-id=\"2347\" src=\"https:\/\/blogs.qub.ac.uk\/mandarinchinese\/wp-content\/uploads\/sites\/11\/2022\/03\/2022-CCF2-Chunfei-Wu.jpg\" srcset=\"https:\/\/blogs.qub.ac.uk\/mandarinchinese\/wp-content\/uploads\/sites\/11\/2022\/03\/2022-CCF2-Chunfei-Wu.jpg 1920w, https:\/\/blogs.qub.ac.uk\/mandarinchinese\/wp-content\/uploads\/sites\/11\/2022\/03\/2022-CCF2-Chunfei-Wu-300x169.jpg 300w, https:\/\/blogs.qub.ac.uk\/mandarinchinese\/wp-content\/uploads\/sites\/11\/2022\/03\/2022-CCF2-Chunfei-Wu-1024x576.jpg 1024w, https:\/\/blogs.qub.ac.uk\/mandarinchinese\/wp-content\/uploads\/sites\/11\/2022\/03\/2022-CCF2-Chunfei-Wu-768x432.jpg 768w, https:\/\/blogs.qub.ac.uk\/mandarinchinese\/wp-content\/uploads\/sites\/11\/2022\/03\/2022-CCF2-Chunfei-Wu-1536x864.jpg 1536w, https:\/\/blogs.qub.ac.uk\/mandarinchinese\/wp-content\/uploads\/sites\/11\/2022\/03\/2022-CCF2-Chunfei-Wu-500x281.jpg 500w\" sizes=\"(max-width: 1920px) 100vw, 1920px\" \/><\/figure><\/li><li class=\"wp-block-jetpack-slideshow_slide swiper-slide\"><figure><img loading=\"lazy\" decoding=\"async\" width=\"1920\" height=\"1080\" alt=\"\" class=\"wp-block-jetpack-slideshow_image wp-image-2348\" data-id=\"2348\" src=\"https:\/\/blogs.qub.ac.uk\/mandarinchinese\/wp-content\/uploads\/sites\/11\/2022\/03\/2022-CCF3-Shurui-Yang.jpg\" srcset=\"https:\/\/blogs.qub.ac.uk\/mandarinchinese\/wp-content\/uploads\/sites\/11\/2022\/03\/2022-CCF3-Shurui-Yang.jpg 1920w, https:\/\/blogs.qub.ac.uk\/mandarinchinese\/wp-content\/uploads\/sites\/11\/2022\/03\/2022-CCF3-Shurui-Yang-300x169.jpg 300w, https:\/\/blogs.qub.ac.uk\/mandarinchinese\/wp-content\/uploads\/sites\/11\/2022\/03\/2022-CCF3-Shurui-Yang-1024x576.jpg 1024w, https:\/\/blogs.qub.ac.uk\/mandarinchinese\/wp-content\/uploads\/sites\/11\/2022\/03\/2022-CCF3-Shurui-Yang-768x432.jpg 768w, https:\/\/blogs.qub.ac.uk\/mandarinchinese\/wp-content\/uploads\/sites\/11\/2022\/03\/2022-CCF3-Shurui-Yang-1536x864.jpg 1536w, https:\/\/blogs.qub.ac.uk\/mandarinchinese\/wp-content\/uploads\/sites\/11\/2022\/03\/2022-CCF3-Shurui-Yang-500x281.jpg 500w\" sizes=\"(max-width: 1920px) 100vw, 1920px\" \/><\/figure><\/li><li class=\"wp-block-jetpack-slideshow_slide swiper-slide\"><figure><img loading=\"lazy\" decoding=\"async\" width=\"1920\" height=\"1080\" alt=\"\" class=\"wp-block-jetpack-slideshow_image wp-image-2349\" data-id=\"2349\" src=\"https:\/\/blogs.qub.ac.uk\/mandarinchinese\/wp-content\/uploads\/sites\/11\/2022\/03\/2022-CCF4-Lu-Yuan.jpg\" srcset=\"https:\/\/blogs.qub.ac.uk\/mandarinchinese\/wp-content\/uploads\/sites\/11\/2022\/03\/2022-CCF4-Lu-Yuan.jpg 1920w, https:\/\/blogs.qub.ac.uk\/mandarinchinese\/wp-content\/uploads\/sites\/11\/2022\/03\/2022-CCF4-Lu-Yuan-300x169.jpg 300w, https:\/\/blogs.qub.ac.uk\/mandarinchinese\/wp-content\/uploads\/sites\/11\/2022\/03\/2022-CCF4-Lu-Yuan-1024x576.jpg 1024w, https:\/\/blogs.qub.ac.uk\/mandarinchinese\/wp-content\/uploads\/sites\/11\/2022\/03\/2022-CCF4-Lu-Yuan-768x432.jpg 768w, https:\/\/blogs.qub.ac.uk\/mandarinchinese\/wp-content\/uploads\/sites\/11\/2022\/03\/2022-CCF4-Lu-Yuan-1536x864.jpg 1536w, https:\/\/blogs.qub.ac.uk\/mandarinchinese\/wp-content\/uploads\/sites\/11\/2022\/03\/2022-CCF4-Lu-Yuan-500x281.jpg 500w\" sizes=\"(max-width: 1920px) 100vw, 1920px\" \/><\/figure><\/li><li class=\"wp-block-jetpack-slideshow_slide swiper-slide\"><figure><img loading=\"lazy\" decoding=\"async\" width=\"1920\" height=\"1080\" alt=\"\" class=\"wp-block-jetpack-slideshow_image wp-image-2370\" data-id=\"2370\" src=\"https:\/\/blogs.qub.ac.uk\/mandarinchinese\/wp-content\/uploads\/sites\/11\/2022\/03\/2022-CCF5-Nathan-1.jpg\" srcset=\"https:\/\/blogs.qub.ac.uk\/mandarinchinese\/wp-content\/uploads\/sites\/11\/2022\/03\/2022-CCF5-Nathan-1.jpg 1920w, https:\/\/blogs.qub.ac.uk\/mandarinchinese\/wp-content\/uploads\/sites\/11\/2022\/03\/2022-CCF5-Nathan-1-300x169.jpg 300w, https:\/\/blogs.qub.ac.uk\/mandarinchinese\/wp-content\/uploads\/sites\/11\/2022\/03\/2022-CCF5-Nathan-1-1024x576.jpg 1024w, https:\/\/blogs.qub.ac.uk\/mandarinchinese\/wp-content\/uploads\/sites\/11\/2022\/03\/2022-CCF5-Nathan-1-768x432.jpg 768w, https:\/\/blogs.qub.ac.uk\/mandarinchinese\/wp-content\/uploads\/sites\/11\/2022\/03\/2022-CCF5-Nathan-1-1536x864.jpg 1536w, https:\/\/blogs.qub.ac.uk\/mandarinchinese\/wp-content\/uploads\/sites\/11\/2022\/03\/2022-CCF5-Nathan-1-500x281.jpg 500w\" sizes=\"(max-width: 1920px) 100vw, 1920px\" \/><\/figure><\/li><\/ul><a class=\"wp-block-jetpack-slideshow_button-prev swiper-button-prev swiper-button-white\" role=\"button\"><\/a><a class=\"wp-block-jetpack-slideshow_button-next swiper-button-next swiper-button-white\" role=\"button\"><\/a><a aria-label=\"Pause Slideshow\" class=\"wp-block-jetpack-slideshow_button-pause\" role=\"button\"><\/a><div class=\"wp-block-jetpack-slideshow_pagination swiper-pagination swiper-pagination-white\"><\/div><\/div><\/div>\n\n\n\n<p>We also took pride in introducing the culture talks led by Queen\u2019s staff and students, presenting their work and sharing their experience related to China on a wide range of cultural topics that may suit audience of diverse interest.  <\/p>\n\n\n\n<h2 class=\"wp-block-heading\" id=\"cultural-performances\">Cultural Performances<\/h2>\n\n\n\n<div class=\"wp-block-jetpack-slideshow aligncenter\" data-effect=\"slide\"><div class=\"wp-block-jetpack-slideshow_container swiper-container\"><ul class=\"wp-block-jetpack-slideshow_swiper-wrapper swiper-wrapper\"><li class=\"wp-block-jetpack-slideshow_slide swiper-slide\"><figure><img loading=\"lazy\" decoding=\"async\" width=\"1024\" height=\"576\" alt=\"\" class=\"wp-block-jetpack-slideshow_image wp-image-2365\" data-id=\"2365\" src=\"https:\/\/blogs.qub.ac.uk\/mandarinchinese\/wp-content\/uploads\/sites\/11\/2022\/03\/Slide8-1-1024x576.jpg\" srcset=\"https:\/\/blogs.qub.ac.uk\/mandarinchinese\/wp-content\/uploads\/sites\/11\/2022\/03\/Slide8-1-1024x576.jpg 1024w, https:\/\/blogs.qub.ac.uk\/mandarinchinese\/wp-content\/uploads\/sites\/11\/2022\/03\/Slide8-1-300x169.jpg 300w, https:\/\/blogs.qub.ac.uk\/mandarinchinese\/wp-content\/uploads\/sites\/11\/2022\/03\/Slide8-1-768x432.jpg 768w, https:\/\/blogs.qub.ac.uk\/mandarinchinese\/wp-content\/uploads\/sites\/11\/2022\/03\/Slide8-1-500x281.jpg 500w, https:\/\/blogs.qub.ac.uk\/mandarinchinese\/wp-content\/uploads\/sites\/11\/2022\/03\/Slide8-1.jpg 1280w\" sizes=\"(max-width: 1024px) 100vw, 1024px\" \/><\/figure><\/li><li class=\"wp-block-jetpack-slideshow_slide swiper-slide\"><figure><img loading=\"lazy\" decoding=\"async\" width=\"1024\" height=\"576\" alt=\"\" class=\"wp-block-jetpack-slideshow_image wp-image-2334\" data-id=\"2334\" src=\"https:\/\/blogs.qub.ac.uk\/mandarinchinese\/wp-content\/uploads\/sites\/11\/2022\/03\/Slide9-1024x576.jpg\" srcset=\"https:\/\/blogs.qub.ac.uk\/mandarinchinese\/wp-content\/uploads\/sites\/11\/2022\/03\/Slide9-1024x576.jpg 1024w, https:\/\/blogs.qub.ac.uk\/mandarinchinese\/wp-content\/uploads\/sites\/11\/2022\/03\/Slide9-300x169.jpg 300w, https:\/\/blogs.qub.ac.uk\/mandarinchinese\/wp-content\/uploads\/sites\/11\/2022\/03\/Slide9-768x432.jpg 768w, https:\/\/blogs.qub.ac.uk\/mandarinchinese\/wp-content\/uploads\/sites\/11\/2022\/03\/Slide9-500x281.jpg 500w, https:\/\/blogs.qub.ac.uk\/mandarinchinese\/wp-content\/uploads\/sites\/11\/2022\/03\/Slide9.jpg 1280w\" sizes=\"(max-width: 1024px) 100vw, 1024px\" \/><\/figure><\/li><li class=\"wp-block-jetpack-slideshow_slide swiper-slide\"><figure><img loading=\"lazy\" decoding=\"async\" width=\"1024\" height=\"576\" alt=\"\" class=\"wp-block-jetpack-slideshow_image wp-image-2335\" data-id=\"2335\" src=\"https:\/\/blogs.qub.ac.uk\/mandarinchinese\/wp-content\/uploads\/sites\/11\/2022\/03\/Slide10-1024x576.jpg\" srcset=\"https:\/\/blogs.qub.ac.uk\/mandarinchinese\/wp-content\/uploads\/sites\/11\/2022\/03\/Slide10-1024x576.jpg 1024w, https:\/\/blogs.qub.ac.uk\/mandarinchinese\/wp-content\/uploads\/sites\/11\/2022\/03\/Slide10-300x169.jpg 300w, https:\/\/blogs.qub.ac.uk\/mandarinchinese\/wp-content\/uploads\/sites\/11\/2022\/03\/Slide10-768x432.jpg 768w, https:\/\/blogs.qub.ac.uk\/mandarinchinese\/wp-content\/uploads\/sites\/11\/2022\/03\/Slide10-500x281.jpg 500w, https:\/\/blogs.qub.ac.uk\/mandarinchinese\/wp-content\/uploads\/sites\/11\/2022\/03\/Slide10.jpg 1280w\" sizes=\"(max-width: 1024px) 100vw, 1024px\" \/><\/figure><\/li><li class=\"wp-block-jetpack-slideshow_slide swiper-slide\"><figure><img loading=\"lazy\" decoding=\"async\" width=\"1024\" height=\"576\" alt=\"\" class=\"wp-block-jetpack-slideshow_image wp-image-2336\" data-id=\"2336\" src=\"https:\/\/blogs.qub.ac.uk\/mandarinchinese\/wp-content\/uploads\/sites\/11\/2022\/03\/Slide11-1024x576.jpg\" srcset=\"https:\/\/blogs.qub.ac.uk\/mandarinchinese\/wp-content\/uploads\/sites\/11\/2022\/03\/Slide11-1024x576.jpg 1024w, https:\/\/blogs.qub.ac.uk\/mandarinchinese\/wp-content\/uploads\/sites\/11\/2022\/03\/Slide11-300x169.jpg 300w, https:\/\/blogs.qub.ac.uk\/mandarinchinese\/wp-content\/uploads\/sites\/11\/2022\/03\/Slide11-768x432.jpg 768w, https:\/\/blogs.qub.ac.uk\/mandarinchinese\/wp-content\/uploads\/sites\/11\/2022\/03\/Slide11-500x281.jpg 500w, https:\/\/blogs.qub.ac.uk\/mandarinchinese\/wp-content\/uploads\/sites\/11\/2022\/03\/Slide11.jpg 1280w\" sizes=\"(max-width: 1024px) 100vw, 1024px\" \/><\/figure><\/li><li class=\"wp-block-jetpack-slideshow_slide swiper-slide\"><figure><img loading=\"lazy\" decoding=\"async\" width=\"1024\" height=\"576\" alt=\"\" class=\"wp-block-jetpack-slideshow_image wp-image-2337\" data-id=\"2337\" src=\"https:\/\/blogs.qub.ac.uk\/mandarinchinese\/wp-content\/uploads\/sites\/11\/2022\/03\/Slide12-1024x576.jpg\" srcset=\"https:\/\/blogs.qub.ac.uk\/mandarinchinese\/wp-content\/uploads\/sites\/11\/2022\/03\/Slide12-1024x576.jpg 1024w, https:\/\/blogs.qub.ac.uk\/mandarinchinese\/wp-content\/uploads\/sites\/11\/2022\/03\/Slide12-300x169.jpg 300w, https:\/\/blogs.qub.ac.uk\/mandarinchinese\/wp-content\/uploads\/sites\/11\/2022\/03\/Slide12-768x432.jpg 768w, https:\/\/blogs.qub.ac.uk\/mandarinchinese\/wp-content\/uploads\/sites\/11\/2022\/03\/Slide12-500x281.jpg 500w, https:\/\/blogs.qub.ac.uk\/mandarinchinese\/wp-content\/uploads\/sites\/11\/2022\/03\/Slide12.jpg 1280w\" sizes=\"(max-width: 1024px) 100vw, 1024px\" \/><\/figure><\/li><\/ul><a class=\"wp-block-jetpack-slideshow_button-prev swiper-button-prev swiper-button-white\" role=\"button\"><\/a><a class=\"wp-block-jetpack-slideshow_button-next swiper-button-next swiper-button-white\" role=\"button\"><\/a><a aria-label=\"Pause Slideshow\" class=\"wp-block-jetpack-slideshow_button-pause\" role=\"button\"><\/a><div class=\"wp-block-jetpack-slideshow_pagination swiper-pagination swiper-pagination-white\"><\/div><\/div><\/div>\n\n\n\n<p>The launch event also presented a selection of cultural performances and demo, as displayed, contributed by both Queen&#8217;s students (alumni), staff members and members of the public and societies, as an inclusive celebration.<\/p>\n\n\n\n<ul class=\"wp-block-list\"><li><a href=\"https:\/\/blogs.qub.ac.uk\/mandarinchinese\/2022\/02\/02\/chinese-folk-dance\/\" data-type=\"URL\" data-id=\"https:\/\/blogs.qub.ac.uk\/mandarinchinese\/2022\/02\/02\/chinese-folk-dance\/\">Chinese singing and folk dance<\/a><\/li><li><a href=\"https:\/\/blogs.qub.ac.uk\/mandarinchinese\/2022\/02\/01\/cny2022-qub-kpop-dance\/\" data-type=\"URL\" data-id=\"https:\/\/blogs.qub.ac.uk\/mandarinchinese\/2022\/02\/01\/cny2022-qub-kpop-dance\/\">KPOP dance<\/a><\/li><li><a href=\"https:\/\/blogs.qub.ac.uk\/mandarinchinese\/2022\/02\/07\/chinese-sign-language-dance\/\">Chinese sign language dance<\/a><\/li><li><a href=\"https:\/\/blogs.qub.ac.uk\/mandarinchinese\/2022\/01\/27\/spring-festival-couplets\/\" data-type=\"URL\" data-id=\"https:\/\/blogs.qub.ac.uk\/mandarinchinese\/2022\/01\/27\/spring-festival-couplets\/\" target=\"_blank\" rel=\"noreferrer noopener\">Chinese calligraphy<\/a><\/li><\/ul>\n\n\n\n<p><\/p>\n\n\n\n<p>We hope that you have enjoyed this celebration with an enriched CNY programme.<\/p>\n\n\n\n<p><strong>Happy and Healthy Year of the Tiger!<\/strong><br><strong>\u864e\u5e74\u5feb\u4e50\u3001\u5b89\u5eb7&nbsp;<\/strong>(<em>H\u01d4 ni\u00e1n ku\u00e0il\u00e8 \u0101nk\u0101ng<\/em>)<strong>!<\/strong><\/p>\n\n\n\n<p><\/p>\n\n\n\n<div class=\"wp-block-buttons is-layout-flex wp-block-buttons-is-layout-flex\">\n<div class=\"wp-block-button\"><a class=\"wp-block-button__link\" href=\"https:\/\/blogs.qub.ac.uk\/mandarinchinese\/chinese\/ccp\/ccp2022\/art-exhibition\/\">Previous<\/a><\/div>\n\n\n\n<div class=\"wp-block-button\"><a class=\"wp-block-button__link\" href=\"https:\/\/blogs.qub.ac.uk\/mandarinchinese\/chinese\/ccp\/ccp2022\/\">Return to CCP2022<\/a><\/div>\n\n\n\n<div class=\"wp-block-button\"><a class=\"wp-block-button__link\" href=\"https:\/\/blogs.qub.ac.uk\/mandarinchinese\/chinese\/ccp\/ccp2022\/ccf1\/\">Next<\/a><\/div>\n<\/div>\n\n\n\n<p><\/p>\n","protected":false},"excerpt":{"rendered":"<p>Opening music and greeting from QUB President and Vice Chancellor In this opening performance, DENG Wei (\u9093\u7ef4), MA graduate in Arts Management, from QUB is playing a traditional Chinese instrument, the \u53e4\u7b5d or &#8216;guzheng&#8217; whilst QIAO Zexuan (\u4e54\u6cfd\u8f69), PhD candidate &hellip; <a href=\"https:\/\/blogs.qub.ac.uk\/mandarinchinese\/chinese\/ccp\/ccp2022\/launch\/\">Continue reading <span class=\"meta-nav\">&rarr;<\/span><\/a><\/p>\n","protected":false},"author":63,"featured_media":0,"parent":1998,"menu_order":2,"comment_status":"open","ping_status":"closed","template":"","meta":{"jetpack_post_was_ever_published":false,"footnotes":""},"class_list":["post-2077","page","type-page","status-publish","hentry"],"jetpack_sharing_enabled":true,"jetpack_shortlink":"https:\/\/wp.me\/Pa93ff-xv","jetpack_likes_enabled":true,"_links":{"self":[{"href":"https:\/\/blogs.qub.ac.uk\/mandarinchinese\/wp-json\/wp\/v2\/pages\/2077","targetHints":{"allow":["GET"]}}],"collection":[{"href":"https:\/\/blogs.qub.ac.uk\/mandarinchinese\/wp-json\/wp\/v2\/pages"}],"about":[{"href":"https:\/\/blogs.qub.ac.uk\/mandarinchinese\/wp-json\/wp\/v2\/types\/page"}],"author":[{"embeddable":true,"href":"https:\/\/blogs.qub.ac.uk\/mandarinchinese\/wp-json\/wp\/v2\/users\/63"}],"replies":[{"embeddable":true,"href":"https:\/\/blogs.qub.ac.uk\/mandarinchinese\/wp-json\/wp\/v2\/comments?post=2077"}],"version-history":[{"count":24,"href":"https:\/\/blogs.qub.ac.uk\/mandarinchinese\/wp-json\/wp\/v2\/pages\/2077\/revisions"}],"predecessor-version":[{"id":2374,"href":"https:\/\/blogs.qub.ac.uk\/mandarinchinese\/wp-json\/wp\/v2\/pages\/2077\/revisions\/2374"}],"up":[{"embeddable":true,"href":"https:\/\/blogs.qub.ac.uk\/mandarinchinese\/wp-json\/wp\/v2\/pages\/1998"}],"wp:attachment":[{"href":"https:\/\/blogs.qub.ac.uk\/mandarinchinese\/wp-json\/wp\/v2\/media?parent=2077"}],"curies":[{"name":"wp","href":"https:\/\/api.w.org\/{rel}","templated":true}]}}