{"id":1998,"date":"2022-01-14T14:18:57","date_gmt":"2022-01-14T14:18:57","guid":{"rendered":"https:\/\/blogs.qub.ac.uk\/mandarinchinese\/?page_id=1998"},"modified":"2022-10-05T18:45:47","modified_gmt":"2022-10-05T17:45:47","slug":"ccp2022","status":"publish","type":"page","link":"https:\/\/blogs.qub.ac.uk\/mandarinchinese\/chinese\/ccp\/ccp2022\/","title":{"rendered":"Chinese Culture Programme 2022"},"content":{"rendered":"\n<h2 class=\"wp-block-heading\" id=\"year-of-the-tiger-2022-chinese-new-year-programme\">Year of The Tiger &#8211; 2022 Chinese New Year Programme<\/h2>\n\n\n\n<div class=\"wp-block-media-text alignwide is-stacked-on-mobile is-vertically-aligned-top\" style=\"grid-template-columns:33% auto\"><figure class=\"wp-block-media-text__media\"><img loading=\"lazy\" decoding=\"async\" width=\"768\" height=\"1024\" src=\"https:\/\/blogs.qub.ac.uk\/mandarinchinese\/wp-content\/uploads\/sites\/11\/2022\/01\/Year-of-The-Tiger-JeanJing-768x1024.jpg\" alt=\"\" class=\"wp-image-1989 size-full\" srcset=\"https:\/\/blogs.qub.ac.uk\/mandarinchinese\/wp-content\/uploads\/sites\/11\/2022\/01\/Year-of-The-Tiger-JeanJing-768x1024.jpg 768w, https:\/\/blogs.qub.ac.uk\/mandarinchinese\/wp-content\/uploads\/sites\/11\/2022\/01\/Year-of-The-Tiger-JeanJing-225x300.jpg 225w, https:\/\/blogs.qub.ac.uk\/mandarinchinese\/wp-content\/uploads\/sites\/11\/2022\/01\/Year-of-The-Tiger-JeanJing.jpg 960w\" sizes=\"auto, (max-width: 768px) 100vw, 768px\" \/><\/figure><div class=\"wp-block-media-text__content\">\n<p><strong><mark class=\"has-inline-color has-blue-color\">Ink painting: Tigers | Artist: Jean Jing<\/mark><\/strong><br><br>This year the Chinese New Year, aka Spring Festival, falls on Tuesday 1st February, when the transition from Ox to Tiger takes place. We would like to take this opportunity to invite all our students, staff members, as well as members of the public, to join in our celebrations &#8212; <\/p>\n\n\n\n<p><strong>Happy and Healthy Year of the Tiger! <\/strong><br><strong>\u864e\u5e74\u5feb\u4e50\u3001\u5b89\u5eb7 <\/strong>(<em>H\u01d4 ni\u00e1n ku\u00e0il\u00e8 \u0101nk\u0101ng<\/em>)<strong>!<\/strong> <\/p>\n<\/div><\/div>\n\n\n\n<p>As we have been continuously working hard to turn things around for a better future, we welcome mighty powers gathered by each and every one of you through the theme of Connectedness and Inclusion. The Chinese New Year is such an occasion we choose to celebrate cultural diversity, in which the Chinese community, together with the other ethnic groups, has done its best to embrace the challenges.<\/p>\n\n\n\n<h2 class=\"wp-block-heading\" id=\"january-february\"><em>January<\/em>&#8211;<em>February<\/em><\/h2>\n\n\n\n<figure class=\"wp-block-table is-style-stripes\"><table><tbody><tr><td class=\"has-text-align-left\" data-align=\"left\"><strong>Date<\/strong><\/td><td class=\"has-text-align-left\" data-align=\"left\"><strong>Time<\/strong><\/td><td><strong>Event<\/strong><\/td><td><strong>Registration<\/strong><\/td><\/tr><tr><td class=\"has-text-align-left\" data-align=\"left\">Wed 26\/01<\/td><td class=\"has-text-align-left\" data-align=\"left\">13:00-14:00 <\/td><td><a href=\"https:\/\/blogs.qub.ac.uk\/mandarinchinese\/chinese\/ccp\/ccp2022\/cny2022-workshop\/\" data-type=\"URL\" data-id=\"https:\/\/blogs.qub.ac.uk\/mandarinchinese\/chinese\/ccp\/ccp2022\/cny2022-workshop\/\" target=\"_blank\" rel=\"noreferrer noopener\">CNY workshop &#8211; the paper tiger crafts<\/a><\/td><td>Closed<\/td><\/tr><tr><td class=\"has-text-align-left\" data-align=\"left\">Mon 31\/01<\/td><td class=\"has-text-align-left\" data-align=\"left\"><\/td><td><a href=\"https:\/\/blogs.qub.ac.uk\/mandarinchinese\/chinese\/ccp\/ccp2022\/art-exhibition\/\" data-type=\"URL\" data-id=\"https:\/\/blogs.qub.ac.uk\/mandarinchinese\/chinese\/ccp\/ccp2022\/art-exhibition\/\" target=\"_blank\" rel=\"noreferrer noopener\">Year of The Tiger &#8211;  ArtEast Exhibition<\/a><\/td><td><\/td><\/tr><tr><td class=\"has-text-align-left\" data-align=\"left\">Wed 02\/02<\/td><td class=\"has-text-align-left\" data-align=\"left\">13:00-14:15<\/td><td><a href=\"https:\/\/blogs.qub.ac.uk\/mandarinchinese\/chinese\/ccp\/ccp2022\/launch\/\" data-type=\"URL\" data-id=\"https:\/\/blogs.qub.ac.uk\/mandarinchinese\/chinese\/ccp\/ccp2022\/launch\/\" target=\"_blank\" rel=\"noreferrer noopener\">CNY launch event and guest talk<\/a><\/td><td>Closed<\/td><\/tr><tr><td class=\"has-text-align-left\" data-align=\"left\">Thu 03\/02<\/td><td class=\"has-text-align-left\" data-align=\"left\">16:00-17:00 <\/td><td><a href=\"https:\/\/blogs.qub.ac.uk\/mandarinchinese\/chinese\/ccp\/ccp2022\/ccf1\/\" data-type=\"URL\" data-id=\"https:\/\/blogs.qub.ac.uk\/mandarinchinese\/chinese\/ccp\/ccp2022\/ccf1\/\" target=\"_blank\" rel=\"noreferrer noopener\">Around China in 80 days<\/a><\/td><td>Closed<\/td><\/tr><tr><td class=\"has-text-align-left\" data-align=\"left\">Wed 09\/02<\/td><td class=\"has-text-align-left\" data-align=\"left\">13:00-14:00 <\/td><td><a rel=\"noreferrer noopener\" href=\"https:\/\/blogs.qub.ac.uk\/mandarinchinese\/chinese\/ccp\/ccp2022\/ccf2\/\" data-type=\"URL\" data-id=\"https:\/\/blogs.qub.ac.uk\/mandarinchinese\/chinese\/ccp\/ccp2022\/ccf2\/\" target=\"_blank\">Waste recycling research and collaboration with China<\/a><\/td><td>Closed<\/td><\/tr><tr><td class=\"has-text-align-left\" data-align=\"left\">Wed 16\/02<\/td><td class=\"has-text-align-left\" data-align=\"left\">13:00-14:00 <\/td><td><a href=\"https:\/\/blogs.qub.ac.uk\/mandarinchinese\/chinese\/ccp\/ccp2022\/ccf3\/\" data-type=\"URL\" data-id=\"https:\/\/blogs.qub.ac.uk\/mandarinchinese\/chinese\/ccp\/ccp2022\/ccf3\/\" target=\"_blank\" rel=\"noreferrer noopener\">From the Irish Chekhov to the Chinese Friel &#8211; Translating Friel for Chinese performance<\/a><\/td><td>Closed<\/td><\/tr><tr><td class=\"has-text-align-left\" data-align=\"left\">Wed 23\/02<\/td><td class=\"has-text-align-left\" data-align=\"left\">13:00-14:00 <\/td><td><a href=\"https:\/\/blogs.qub.ac.uk\/mandarinchinese\/chinese\/ccp\/ccp2022\/ccf4\/\" data-type=\"URL\" data-id=\"https:\/\/blogs.qub.ac.uk\/mandarinchinese\/chinese\/ccp\/ccp2022\/ccf4\/\" target=\"_blank\" rel=\"noreferrer noopener\">Teaching and learning in a private university in China &#8211; the case of Shanghai Sanda University<\/a><\/td><td>Closed<\/td><\/tr><\/tbody><\/table><figcaption>This is the special programme for the CNY celebration period. More culture talks can be found below. <br>We welcome proposals from a wide range of subjects with an interest in China-related topics.<\/figcaption><\/figure>\n\n\n\n<p><\/p>\n\n\n\n<h2 class=\"wp-block-heading\" id=\"march\"><em>March<\/em><\/h2>\n\n\n\n<figure class=\"wp-block-table is-style-stripes\"><table><tbody><tr><td><strong>Date<\/strong><\/td><td><strong>Time<\/strong><\/td><td><strong>Event<\/strong><\/td><td><strong>Registration<\/strong><\/td><\/tr><tr><td>Wed<br>16\/03<\/td><td>12:00-13:00<\/td><td><a rel=\"noreferrer noopener\" href=\"https:\/\/blogs.qub.ac.uk\/mandarinchinese\/chinese\/ccp\/ccp2022\/ccf5\/\" data-type=\"URL\" data-id=\"https:\/\/blogs.qub.ac.uk\/mandarinchinese\/chinese\/ccp\/ccp2022\/ccf5\/\" target=\"_blank\">Confucius, Education, Myopia and China: How can Vision Drive Development?<\/a><\/td><td>Closed<\/td><\/tr><\/tbody><\/table><\/figure>\n\n\n\n<h2 class=\"wp-block-heading\" id=\"april\"><em>April<\/em><\/h2>\n\n\n\n<figure class=\"wp-block-table is-style-stripes\"><table><tbody><tr><td><strong>Date<\/strong><\/td><td><strong>Time<\/strong><\/td><td><strong>Event<\/strong><\/td><td><strong>Registration<\/strong><\/td><\/tr><tr><td>Wed <br>13\/04<\/td><td>13:00-<br>14:00<\/td><td><a href=\"https:\/\/blogs.qub.ac.uk\/mandarinchinese\/chinese\/ccp\/ccp2022\/ccf6-clig-wang\/\" data-type=\"URL\" data-id=\"https:\/\/blogs.qub.ac.uk\/mandarinchinese\/chinese\/ccp\/ccp2022\/ccf6-clig-wang\/\">Celebrating UN Chinese Language Day<\/a><\/td><td>Closed<\/td><\/tr><\/tbody><\/table><\/figure>\n\n\n\n<h2 class=\"wp-block-heading\" id=\"april\"><em>May<\/em><\/h2>\n\n\n\n<figure class=\"wp-block-table is-style-stripes\"><table><tbody><tr><td><strong>Date<\/strong><\/td><td><strong>Time<\/strong><\/td><td><strong>Event<\/strong><\/td><td><strong>Registration<\/strong><\/td><\/tr><tr><td>Sun<br>15\/05<\/td><td>14:00-15:00<\/td><td><a rel=\"noreferrer noopener\" href=\"https:\/\/blogs.qub.ac.uk\/mandarinchinese\/2022\/05\/13\/chinese-kung-fu-at-queens\/\" data-type=\"URL\" data-id=\"https:\/\/blogs.qub.ac.uk\/mandarinchinese\/2022\/05\/13\/chinese-kung-fu-at-queens\/\" target=\"_blank\">Chinese Kung Fu Session <\/a>1<\/td><td>Closed<\/td><\/tr><tr><td>Sun<br>22\/05<\/td><td>14:00-15:00<\/td><td><a rel=\"noreferrer noopener\" href=\"https:\/\/blogs.qub.ac.uk\/mandarinchinese\/2022\/05\/13\/chinese-kung-fu-at-queens\/\" data-type=\"URL\" data-id=\"https:\/\/blogs.qub.ac.uk\/mandarinchinese\/2022\/05\/13\/chinese-kung-fu-at-queens\/\" target=\"_blank\">Chinese Kung Fu Session <\/a>2<\/td><td>Closed<\/td><\/tr><tr><td>Sat <br>28\/05<\/td><td>14:00-<br>16:00<\/td><td><a href=\"https:\/\/blogs.qub.ac.uk\/mandarinchinese\/2022\/05\/01\/chinese-and-irish-traditional-music\/\" data-type=\"URL\" data-id=\"https:\/\/blogs.qub.ac.uk\/mandarinchinese\/2022\/05\/01\/chinese-and-irish-traditional-music\/\" target=\"_blank\" rel=\"noreferrer noopener\">Chinese and Irish Traditional Music \u2013 The Language of The Sound<\/a><\/td><td>Closed<\/td><\/tr><tr><td>Sun<br>29\/05<\/td><td>14:00-15:00<\/td><td><a rel=\"noreferrer noopener\" href=\"https:\/\/blogs.qub.ac.uk\/mandarinchinese\/2022\/05\/13\/chinese-kung-fu-at-queens\/\" data-type=\"URL\" data-id=\"https:\/\/blogs.qub.ac.uk\/mandarinchinese\/2022\/05\/13\/chinese-kung-fu-at-queens\/\" target=\"_blank\">Chinese Kung Fu Session <\/a>3<\/td><td>Closed<\/td><\/tr><\/tbody><\/table><\/figure>\n\n\n\n<h2 class=\"wp-block-heading\" id=\"april\"><em>June<\/em><\/h2>\n\n\n\n<figure class=\"wp-block-table is-style-stripes\"><table><tbody><tr><td><strong>Date<\/strong><\/td><td><strong>Time<\/strong><\/td><td><strong>Event<\/strong><\/td><td><strong>Registration<\/strong><\/td><\/tr><tr><td>Fri <br>03\/06<\/td><td><\/td><td><a href=\"https:\/\/blogs.qub.ac.uk\/mandarinchinese\/2022\/06\/02\/dragon-boat-racing\/\" data-type=\"URL\" data-id=\"https:\/\/blogs.qub.ac.uk\/mandarinchinese\/2022\/06\/02\/dragon-boat-racing\/\" target=\"_blank\" rel=\"noreferrer noopener\">Celebrating Dragon Boat Festival<\/a><\/td><td>N\/A<\/td><\/tr><tr><td>Sun<br>05\/06<\/td><td>14:00-<br>15:00<\/td><td><a rel=\"noreferrer noopener\" href=\"https:\/\/blogs.qub.ac.uk\/mandarinchinese\/2022\/05\/13\/chinese-kung-fu-at-queens\/\" data-type=\"URL\" data-id=\"https:\/\/blogs.qub.ac.uk\/mandarinchinese\/2022\/05\/13\/chinese-kung-fu-at-queens\/\" target=\"_blank\">Chinese Kung Fu Session <\/a>4<\/td><td>Closed<\/td><\/tr><tr><td>Thu <br>23\/06<\/td><td>15:30-<br>17:30<\/td><td><a href=\"https:\/\/blogs.qub.ac.uk\/mandarinchinese\/chinese\/ccp\/ccp2022\/ccf7-chinese-tea-with-guzheng\/\" data-type=\"URL\" data-id=\"https:\/\/blogs.qub.ac.uk\/mandarinchinese\/chinese\/ccp\/ccp2022\/ccf7-chinese-tea-with-guzheng\/\" target=\"_blank\" rel=\"noreferrer noopener\">A Taste of Chinese Tea with Guzheng Music<\/a><\/td><td>Closed<\/td><\/tr><\/tbody><\/table><\/figure>\n\n\n\n<h2 class=\"wp-block-heading\"><em>September<\/em><\/h2>\n\n\n\n<figure class=\"wp-block-table is-style-stripes\"><table><tbody><tr><td><strong>Date<\/strong><\/td><td><strong>Time<\/strong><\/td><td><strong>Event<\/strong><\/td><td><strong>Registration<\/strong><\/td><\/tr><tr><td>Fri <br>23\/09<\/td><td>15:30-<br>17:00<\/td><td><a href=\"https:\/\/blogs.qub.ac.uk\/mandarinchinese\/chinese\/ccp\/ccp2022\/ccf8-mid-autumn-festival-2022\/\" data-type=\"URL\" data-id=\"https:\/\/blogs.qub.ac.uk\/mandarinchinese\/chinese\/ccp\/ccp2022\/ccf8-mid-autumn-festival-2022\/\" target=\"_blank\" rel=\"noreferrer noopener\">Mid-Autumn Festival Celebration at Queen&#8217;s<\/a><\/td><td>Check<\/td><\/tr><\/tbody><\/table><\/figure>\n\n\n\n<h2 class=\"wp-block-heading\"><em>October<\/em><\/h2>\n\n\n\n<figure class=\"wp-block-table is-style-stripes\"><table><tbody><tr><td><strong>Date<\/strong><\/td><td><strong>Time<\/strong><\/td><td><strong>Event<\/strong><\/td><td><strong>Registration<\/strong><\/td><\/tr><tr><td>Wed <br>05\/10<\/td><td>13:00-<br>14:00<\/td><td><a href=\"https:\/\/blogs.qub.ac.uk\/mandarinchinese\/chinese\/ccp\/ccp2022\/ccf9-the-making-of-a-language-teacher\/\" data-type=\"URL\" data-id=\"https:\/\/blogs.qub.ac.uk\/mandarinchinese\/chinese\/ccp\/ccp2022\/ccf9-the-making-of-a-language-teacher\/\" target=\"_blank\" rel=\"noreferrer noopener\">World Teachers Day Forum &#8211; The making of a language teacher<\/a><\/td><td>Closed<\/td><\/tr><\/tbody><\/table><\/figure>\n\n\n\n<!--more-->\n\n\n\n<p>For more information on culture talks, please click&nbsp;<a href=\"https:\/\/blogs.qub.ac.uk\/mandarinchinese\/chinese\/ccp\/\"><strong>Chinese Culture Programme<\/strong><\/a>. To express your interest and discuss your potential form(s) of contribution, feel free to contact us by filling the Comment box below.<\/p>\n\n\n\n<p>To share with us your intercultural experience and perspectives of a broader range of themes and topic, please consider joining our&nbsp;<a rel=\"noreferrer noopener\" href=\"https:\/\/blogs.qub.ac.uk\/mandarinchinese\/chinese\/chinese-language-interest-group\/\" target=\"_blank\"><strong>Chinese Language Interest Group<\/strong><\/a>&nbsp;as contributors.<\/p>\n","protected":false},"excerpt":{"rendered":"<p>Year of The Tiger &#8211; 2022 Chinese New Year Programme Ink painting: Tigers | Artist: Jean Jing This year the Chinese New Year, aka Spring Festival, falls on Tuesday 1st February, when the transition from Ox to Tiger takes place. &hellip; <a href=\"https:\/\/blogs.qub.ac.uk\/mandarinchinese\/chinese\/ccp\/ccp2022\/\">Continue reading <span class=\"meta-nav\">&rarr;<\/span><\/a><\/p>\n","protected":false},"author":63,"featured_media":0,"parent":585,"menu_order":3,"comment_status":"open","ping_status":"closed","template":"sidebar-page.php","meta":{"jetpack_post_was_ever_published":false,"footnotes":""},"class_list":["post-1998","page","type-page","status-publish","hentry"],"jetpack_sharing_enabled":true,"jetpack_shortlink":"https:\/\/wp.me\/Pa93ff-we","jetpack_likes_enabled":true,"_links":{"self":[{"href":"https:\/\/blogs.qub.ac.uk\/mandarinchinese\/wp-json\/wp\/v2\/pages\/1998","targetHints":{"allow":["GET"]}}],"collection":[{"href":"https:\/\/blogs.qub.ac.uk\/mandarinchinese\/wp-json\/wp\/v2\/pages"}],"about":[{"href":"https:\/\/blogs.qub.ac.uk\/mandarinchinese\/wp-json\/wp\/v2\/types\/page"}],"author":[{"embeddable":true,"href":"https:\/\/blogs.qub.ac.uk\/mandarinchinese\/wp-json\/wp\/v2\/users\/63"}],"replies":[{"embeddable":true,"href":"https:\/\/blogs.qub.ac.uk\/mandarinchinese\/wp-json\/wp\/v2\/comments?post=1998"}],"version-history":[{"count":38,"href":"https:\/\/blogs.qub.ac.uk\/mandarinchinese\/wp-json\/wp\/v2\/pages\/1998\/revisions"}],"predecessor-version":[{"id":2876,"href":"https:\/\/blogs.qub.ac.uk\/mandarinchinese\/wp-json\/wp\/v2\/pages\/1998\/revisions\/2876"}],"up":[{"embeddable":true,"href":"https:\/\/blogs.qub.ac.uk\/mandarinchinese\/wp-json\/wp\/v2\/pages\/585"}],"wp:attachment":[{"href":"https:\/\/blogs.qub.ac.uk\/mandarinchinese\/wp-json\/wp\/v2\/media?parent=1998"}],"curies":[{"name":"wp","href":"https:\/\/api.w.org\/{rel}","templated":true}]}}