{"id":422,"date":"2025-02-04T14:23:23","date_gmt":"2025-02-04T14:23:23","guid":{"rendered":"https:\/\/blogs.qub.ac.uk\/cdrgmodlangsqub\/?page_id=422"},"modified":"2025-02-04T14:23:57","modified_gmt":"2025-02-04T14:23:57","slug":"seminar-series-2024-2025","status":"publish","type":"page","link":"https:\/\/blogs.qub.ac.uk\/cdrgmodlangsqub\/seminar-series-2024-2025\/","title":{"rendered":"Seminar series 2024-2025"},"content":{"rendered":"\n<p><strong>Modern Languages Core Disciplinary Research Group<\/strong><\/p>\n\n\n\n<p><strong>Seminar Series 2024 &#8211; 25<\/strong><\/p>\n\n\n\n<p><strong>Semester 1<\/strong><\/p>\n\n\n\n<p>Wednesday 16&nbsp;October 2024, 1pm \u2013 <strong>Emily Zobel Marshall, Leeds Beckett,<\/strong> &#8220;<strong>The Power of Play: Comparative Caribbean Carnival Cultures from Leeds to Martinique<\/strong>&#8221; <\/p>\n\n\n\n<p>Wednesday 30&nbsp;October 2024, 1pm &#8211; <strong>Leah Middlebrook, University of Oregon,<\/strong> &#8220;<strong>Hidden in Plain Sight: Amphion and the Dilemmas of Lyric Theory<\/strong>&#8220;<\/p>\n\n\n\n<p>Friday 1&nbsp;November 2024, 3pm \u2013 Lee Fontanella, <strong>&#8220;A Half-century of Bibliographic Wonders:&nbsp; Travel Literature with Photographs&#8221;<\/strong><\/p>\n\n\n\n<p>Friday 6&nbsp;December 2024, 3pm &#8211; <strong>Humberto Saldanha, QUB, &#8220;In Search of Home: Forging Cosmopolitanism through Homemaking and beyond Hospitality in Karim A\u00efnouz\u2019s Cinema&#8221;<\/strong><\/p>\n\n\n\n<p><strong>Semester 2<\/strong><\/p>\n\n\n\n<p>29 January 2025, 3pm &#8211;<strong> Radvan Markus, Charles University, Prague, \u201cA Carnivalesque Encyclopedia: M\u00e1irt\u00edn \u00d3 Cadhain&#8217;s <em>Cr\u00e9 na Cille<\/em> in an International Context\u201d <\/strong><em>[Emerging Voices in Modern Languages Lecture]<\/em><\/p>\n\n\n\n<p>Wednesday 5 February 2025, 3pm \u2013<strong> Myriam\u00a0Mo\u00efse, Universit\u00e9\u00a0des Antilles, &#8220;Cannibalizing the Plantation, Crafting a Caribbean Ecofeminist Aesthetic<\/strong>&#8220;<strong> <\/strong><em>[Society for French Studies Visiting International Speaker Programme]<\/em><\/p>\n\n\n\n<p>Friday 28 February 2025, 3pm &#8211; <strong>Doyle Calhoun, University of Cambridge, &#8220;The Suicide Archive: Reading Resistance in the Wake of French Empire&#8221;<\/strong><\/p>\n\n\n\n<p>Friday 14 March 2025, 3pm &#8211; <strong>Luciana de Mello (Fiction and non-fiction author, film scriptwriter and freelance cultural journalist), &#8220;Brazilian marginal literature, its origins and its dialogue with recent Afro-Indigenous cultural activism&nbsp;in Argentina<\/strong>&#8221; <\/p>\n","protected":false},"excerpt":{"rendered":"<p>Modern Languages Core Disciplinary Research Group Seminar Series 2024 &#8211; 25 Semester 1 Wednesday 16&nbsp;October 2024, 1pm \u2013 Emily Zobel Marshall, Leeds Beckett, &#8220;The Power of Play: Comparative Caribbean Carnival Cultures from Leeds to Martinique&#8221; Wednesday 30&nbsp;October 2024, 1pm &#8211; Leah Middlebrook, University of Oregon, &#8220;Hidden in Plain Sight: Amphion and the Dilemmas of Lyric [&hellip;]<\/p>\n","protected":false},"author":76,"featured_media":0,"parent":0,"menu_order":0,"comment_status":"closed","ping_status":"closed","template":"","meta":{"footnotes":""},"class_list":["post-422","page","type-page","status-publish","hentry"],"jetpack_sharing_enabled":true,"_links":{"self":[{"href":"https:\/\/blogs.qub.ac.uk\/cdrgmodlangsqub\/wp-json\/wp\/v2\/pages\/422","targetHints":{"allow":["GET"]}}],"collection":[{"href":"https:\/\/blogs.qub.ac.uk\/cdrgmodlangsqub\/wp-json\/wp\/v2\/pages"}],"about":[{"href":"https:\/\/blogs.qub.ac.uk\/cdrgmodlangsqub\/wp-json\/wp\/v2\/types\/page"}],"author":[{"embeddable":true,"href":"https:\/\/blogs.qub.ac.uk\/cdrgmodlangsqub\/wp-json\/wp\/v2\/users\/76"}],"replies":[{"embeddable":true,"href":"https:\/\/blogs.qub.ac.uk\/cdrgmodlangsqub\/wp-json\/wp\/v2\/comments?post=422"}],"version-history":[{"count":2,"href":"https:\/\/blogs.qub.ac.uk\/cdrgmodlangsqub\/wp-json\/wp\/v2\/pages\/422\/revisions"}],"predecessor-version":[{"id":424,"href":"https:\/\/blogs.qub.ac.uk\/cdrgmodlangsqub\/wp-json\/wp\/v2\/pages\/422\/revisions\/424"}],"wp:attachment":[{"href":"https:\/\/blogs.qub.ac.uk\/cdrgmodlangsqub\/wp-json\/wp\/v2\/media?parent=422"}],"curies":[{"name":"wp","href":"https:\/\/api.w.org\/{rel}","templated":true}]}}